{"id":33672,"date":"2025-02-02T16:40:52","date_gmt":"2025-02-02T15:40:52","guid":{"rendered":"https:\/\/www.sportzentrum-muerren.ch\/?page_id=33672"},"modified":"2026-01-13T16:27:07","modified_gmt":"2026-01-13T15:27:07","slug":"jonathan-de-copy","status":"publish","type":"page","link":"https:\/\/www.sportzentrum-muerren.ch\/en\/jonathan-de-copy\/","title":{"rendered":"Jonathan"},"content":{"rendered":"<img decoding=\"async\" src=\"https:\/\/www.sportzentrum-muerren.ch\/wp-content\/uploads\/7074067-2-225x300.jpg\" alt=\"_7074067\" itemprop=\"image\" height=\"300\" width=\"225\" title=\"_7074067\" onerror=\"this.style.display='none'\" loading=\"lazy\" \/>\n\t<p>+41 767 31 19 84<\/p>\n\t<p><a href=\"mailto:staikosjonathan@gmail.com\">staikosjonathan@gmail.com<\/a><\/p>\n\t<p><a href=\"https:\/\/www.sportzentrum-muerren.ch\/wp-content\/uploads\/DOC120124-12012024113108.pdf\">Brochure<\/a><\/p>\n\t<p><a href=\"https:\/\/www.terminland.de\/muerren\/?m=1606\">Termin\u00a0<\/a><\/p>\n\t<p>The holistic massage therapist at the Alpine Spa has a lot to offer. His trademark, the Golden Budha, combines a Tibetan singing bowl massage with a holistic full-body massage. He also offers a range of other relaxation treatments.<\/p>\n\t<em>\"Release tension throughout your body and return to your innermost being.<\/em><br \/>\n<em>Tauche ein in die heilenden Schwingungen der Klangschalen, \u00f6ffne und richte die Energiezentren neu aus und harmonisiere jede Zelle deines K\u00f6rpers, was zu einem Gef\u00fchl von innerem Rhythmus, Ganzheit der Liebe und Verbundenheit mit dem, was du wirklich bist, f\u00fchrt\u2026 \u2026ein Goldener Buddha!\u00bb<\/em>\n<p><em>\u201cMy treatments are tailored to the needs of each individual, take a look around and discover what you need right now\u201d<\/em><\/p>","protected":false},"excerpt":{"rendered":"<p>+41 767 31 19 84 staikosjonathan@gmail.com Brosch\u00fcre Termin\u00a0 Der ganzheitliche Massagetherapeut im Alpine Spa hat viel zu bieten. Sein Markenzeichen, die Golden Budha, kombiniert eine tibetische Klangschalenmassage mit einer ganzheitlichen Ganzk\u00f6rpermassage. Dar\u00fcber hinaus bietet er eine Reihe weiterer Entspannungsbehandlungen an. \u00abL\u00f6sen Sie Spannungen im ganzen K\u00f6rper und kehren Sie zu Ihrem innersten Wesen zur\u00fcck. Tauche &hellip; <\/p>\n<p class=\"link-more\"><a href=\"https:\/\/www.sportzentrum-muerren.ch\/en\/jonathan-de-copy\/\" class=\"more-link\">Read more<span class=\"screen-reader-text\"> &#8222;Jonathan&#8220;<\/span><\/a><\/p>","protected":false},"author":6,"featured_media":34457,"parent":0,"menu_order":0,"comment_status":"closed","ping_status":"closed","template":"","meta":{"inspiro_hide_title":false,"footnotes":""},"class_list":["post-33672","page","type-page","status-publish","has-post-thumbnail","hentry"],"_links":{"self":[{"href":"https:\/\/www.sportzentrum-muerren.ch\/en\/wp-json\/wp\/v2\/pages\/33672","targetHints":{"allow":["GET"]}}],"collection":[{"href":"https:\/\/www.sportzentrum-muerren.ch\/en\/wp-json\/wp\/v2\/pages"}],"about":[{"href":"https:\/\/www.sportzentrum-muerren.ch\/en\/wp-json\/wp\/v2\/types\/page"}],"author":[{"embeddable":true,"href":"https:\/\/www.sportzentrum-muerren.ch\/en\/wp-json\/wp\/v2\/users\/6"}],"replies":[{"embeddable":true,"href":"https:\/\/www.sportzentrum-muerren.ch\/en\/wp-json\/wp\/v2\/comments?post=33672"}],"version-history":[{"count":4,"href":"https:\/\/www.sportzentrum-muerren.ch\/en\/wp-json\/wp\/v2\/pages\/33672\/revisions"}],"predecessor-version":[{"id":34491,"href":"https:\/\/www.sportzentrum-muerren.ch\/en\/wp-json\/wp\/v2\/pages\/33672\/revisions\/34491"}],"wp:featuredmedia":[{"embeddable":true,"href":"https:\/\/www.sportzentrum-muerren.ch\/en\/wp-json\/wp\/v2\/media\/34457"}],"wp:attachment":[{"href":"https:\/\/www.sportzentrum-muerren.ch\/en\/wp-json\/wp\/v2\/media?parent=33672"}],"curies":[{"name":"wp","href":"https:\/\/api.w.org\/{rel}","templated":true}]}}