{"id":33612,"date":"2025-02-02T12:32:12","date_gmt":"2025-02-02T11:32:12","guid":{"rendered":"https:\/\/www.sportzentrum-muerren.ch\/?page_id=33612"},"modified":"2026-01-13T16:25:25","modified_gmt":"2026-01-13T15:25:25","slug":"mathis-2","status":"publish","type":"page","link":"https:\/\/www.sportzentrum-muerren.ch\/en\/mathis-2\/","title":{"rendered":"Mathis"},"content":{"rendered":"<img decoding=\"async\" src=\"https:\/\/www.sportzentrum-muerren.ch\/wp-content\/uploads\/2023_12_MathisMomme0644-scaled-2-300x200.jpg\" alt=\"2023_12_MathisMomme0644-scaled\" itemprop=\"image\" height=\"200\" width=\"300\" title=\"2023_12_MathisMomme0644-scaled\" onerror=\"this.style.display='none'\" loading=\"lazy\" \/>\n\t<p>+41 76 724 04 07<\/p>\n\t<p><a href=\"https:\/\/www.mathisgrope.info\">Webseite\u00a0<\/a><\/p>\n\t<p><a href=\"https:\/\/www.terminland.de\/muerren\/?m=1606\">Reservation<\/a><\/p>\n\t<p>The aim of the therapy is for the patient to achieve optimal conditions and mobility in all areas of the body so that the body's own self-healing powers can unfold their full effect.<\/p>\n<p>\u00a0<\/p>\n<p>\u201cActivate self-healing powers through optimized interaction between the musculoskeletal system, internal organs and nervous system.\u201d<\/p>","protected":false},"excerpt":{"rendered":"<p>+41 76 724 04 07 Webseite\u00a0 Reservation Das Ziel der Therapie ist, dass der Patient die optimalen Voraussetzung und Beweglichkeit in allen Bereichen des K\u00f6rper erlangt, so dass die k\u00f6rpereigenen Selbstheilungskr\u00e4fte ihre volle Wirkung entfalten k\u00f6nnen. \u00a0 \u00abSelbstheilungskr\u00e4fte aktivieren mittels eines optimierten Zusammenspiels zwischen Bewegungssystem, inneren Organen und Nervensystem.\u00bb<\/p>","protected":false},"author":6,"featured_media":34457,"parent":0,"menu_order":7,"comment_status":"closed","ping_status":"closed","template":"","meta":{"inspiro_hide_title":false,"footnotes":""},"class_list":["post-33612","page","type-page","status-publish","has-post-thumbnail","hentry"],"_links":{"self":[{"href":"https:\/\/www.sportzentrum-muerren.ch\/en\/wp-json\/wp\/v2\/pages\/33612","targetHints":{"allow":["GET"]}}],"collection":[{"href":"https:\/\/www.sportzentrum-muerren.ch\/en\/wp-json\/wp\/v2\/pages"}],"about":[{"href":"https:\/\/www.sportzentrum-muerren.ch\/en\/wp-json\/wp\/v2\/types\/page"}],"author":[{"embeddable":true,"href":"https:\/\/www.sportzentrum-muerren.ch\/en\/wp-json\/wp\/v2\/users\/6"}],"replies":[{"embeddable":true,"href":"https:\/\/www.sportzentrum-muerren.ch\/en\/wp-json\/wp\/v2\/comments?post=33612"}],"version-history":[{"count":7,"href":"https:\/\/www.sportzentrum-muerren.ch\/en\/wp-json\/wp\/v2\/pages\/33612\/revisions"}],"predecessor-version":[{"id":34490,"href":"https:\/\/www.sportzentrum-muerren.ch\/en\/wp-json\/wp\/v2\/pages\/33612\/revisions\/34490"}],"wp:featuredmedia":[{"embeddable":true,"href":"https:\/\/www.sportzentrum-muerren.ch\/en\/wp-json\/wp\/v2\/media\/34457"}],"wp:attachment":[{"href":"https:\/\/www.sportzentrum-muerren.ch\/en\/wp-json\/wp\/v2\/media?parent=33612"}],"curies":[{"name":"wp","href":"https:\/\/api.w.org\/{rel}","templated":true}]}}