{"id":33429,"date":"2024-11-13T17:41:54","date_gmt":"2024-11-13T16:41:54","guid":{"rendered":"https:\/\/www.sportzentrum-muerren.ch\/?page_id=33429"},"modified":"2026-01-13T16:08:52","modified_gmt":"2026-01-13T15:08:52","slug":"werbeflaechen","status":"publish","type":"page","link":"https:\/\/www.sportzentrum-muerren.ch\/en\/angebot\/werbeflaechen\/","title":{"rendered":"Werbefl\u00e4chen"},"content":{"rendered":"<p><strong>Your chance to become visible<\/strong><\/p>\n<p>This winter, take the opportunity to present your brand in one of the most beautiful regions of Switzerland! We offer 25 first-class advertising spaces in the indoor and outdoor areas of the Alpine Sports Center in the heart of the snow sports village of M\u00fcrren.<\/p>\n\t\t\t\t<img decoding=\"async\" src=\"https:\/\/www.sportzentrum-muerren.ch\/wp-content\/uploads\/Hallenbad_2-1.jpg\" alt=\"Hallenbad_2-1.jpg\" itemprop=\"image\" title=\"Hallenbad_2-1.jpg\" onerror=\"this.style.display='none'\" loading=\"lazy\" \/>\n\t\t\t\t<img decoding=\"async\" src=\"https:\/\/www.sportzentrum-muerren.ch\/wp-content\/uploads\/Sport_1-1.jpg\" alt=\"Sport_1-1.jpg\" itemprop=\"image\" title=\"Sport_1-1.jpg\" onerror=\"this.style.display='none'\" loading=\"lazy\" \/>\n\t\t\t\t<img decoding=\"async\" src=\"https:\/\/www.sportzentrum-muerren.ch\/wp-content\/uploads\/Eisbahn_3-1.jpg\" alt=\"Eisbahn_3-1.jpg\" itemprop=\"image\" title=\"Eisbahn_3-1.jpg\" onerror=\"this.style.display='none'\" loading=\"lazy\" \/>\n\t\t\t\t<img decoding=\"async\" src=\"https:\/\/www.sportzentrum-muerren.ch\/wp-content\/uploads\/Hallenbad_4-1.jpg\" alt=\"Hallenbad_4-1.jpg\" itemprop=\"image\" title=\"Hallenbad_4-1.jpg\" onerror=\"this.style.display='none'\" loading=\"lazy\" \/>\n\t\t\t\t<img decoding=\"async\" src=\"https:\/\/www.sportzentrum-muerren.ch\/wp-content\/uploads\/Sport_6-1.jpg\" alt=\"Sport_6-1.jpg\" itemprop=\"image\" title=\"Sport_6-1.jpg\" onerror=\"this.style.display='none'\" loading=\"lazy\" \/>\n\t\t\t\t<img decoding=\"async\" src=\"https:\/\/www.sportzentrum-muerren.ch\/wp-content\/uploads\/Eisbahn_2-1.jpg\" alt=\"Eisbahn_2-1.jpg\" itemprop=\"image\" title=\"Eisbahn_2-1.jpg\" onerror=\"this.style.display='none'\" loading=\"lazy\" \/>\n\t\t\t\t<img decoding=\"async\" src=\"https:\/\/www.sportzentrum-muerren.ch\/wp-content\/uploads\/Hallenbad_1-1.jpg\" alt=\"Hallenbad_1-1.jpg\" itemprop=\"image\" title=\"Hallenbad_1-1.jpg\" onerror=\"this.style.display='none'\" loading=\"lazy\" \/>\n\t\t\t\t<img decoding=\"async\" src=\"https:\/\/www.sportzentrum-muerren.ch\/wp-content\/uploads\/Sport_5.jpg\" alt=\"Sport_5.jpg\" itemprop=\"image\" title=\"Sport_5.jpg\" onerror=\"this.style.display='none'\" loading=\"lazy\" \/>\n\t\t\t\t<img decoding=\"async\" src=\"https:\/\/www.sportzentrum-muerren.ch\/wp-content\/uploads\/Eisbahn_4-1.jpg\" alt=\"Eisbahn_4-1.jpg\" itemprop=\"image\" title=\"Eisbahn_4-1.jpg\" onerror=\"this.style.display='none'\" loading=\"lazy\" \/>\n\t\t\t\t<img decoding=\"async\" src=\"https:\/\/www.sportzentrum-muerren.ch\/wp-content\/uploads\/Hallenbad_5-1.jpg\" alt=\"Hallenbad_5-1.jpg\" itemprop=\"image\" title=\"Hallenbad_5-1.jpg\" onerror=\"this.style.display='none'\" loading=\"lazy\" \/>\n\t\t\t\t<img decoding=\"async\" src=\"https:\/\/www.sportzentrum-muerren.ch\/wp-content\/uploads\/Sport_3-1.jpg\" alt=\"Sport_3-1.jpg\" itemprop=\"image\" title=\"Sport_3-1.jpg\" onerror=\"this.style.display='none'\" loading=\"lazy\" \/>\n\t\t\t\t<img decoding=\"async\" src=\"https:\/\/www.sportzentrum-muerren.ch\/wp-content\/uploads\/Eisbahn_5-1.jpg\" alt=\"Eisbahn_5-1.jpg\" itemprop=\"image\" title=\"Eisbahn_5-1.jpg\" onerror=\"this.style.display='none'\" loading=\"lazy\" \/>\n\t<ul>\n<li>Swimming pool advertising spaces (various locations and sizes)<\/li>\n<li>Sports hall advertising spaces (various locations and sizes)<\/li>\n<li>Perimeter advertising ice rink ( 12 pieces \/ 3.00 x 1.18m)<\/li>\n<\/ul>\n\t<h2><strong>Become visible now<\/strong><\/h2>\nM\u00fcrren liegt auf einer H\u00f6he von 1\u2019650 Metern und bietet atemberaubende Ausblicke auf die Berner Alpen.<br \/>\nEs ist ein beliebtes Ziel f\u00fcr Wanderer, Wintersportler und Naturfreunde. Dank den Bergbahnen und dem lebhaften Tourismusstrom ist M\u00fcrren ein Ort mit hoher Sichtbarkeit. Unsere Anlagen sind gut frequentierte Orte mit 35\u2019000 Eintritten pro Jahr. Ideal f\u00fcr maximale Aufmerksamkeit von Besuchern aus der Schweiz und dem Ausland.\n<h4>Contact us today for more information.<\/h4>\n\t\t\t<a href=\"mailto:info@sportzentrum-muerren.ch?subject=Werbefl\u00e4che%20buchen\" target=\"_self\">\n\t\t\t\t\t\t\tBook advertising\n\t\t\t\t\t<\/a>","protected":false},"excerpt":{"rendered":"<p>Ihre Chance, sichtbar zu werden Nutzen Sie diesen Winter die Gelegenheit, Ihre Marke in einer der sch\u00f6nsten Regionen der Schweiz zu pr\u00e4sentieren! Wir bieten 25 erstklassige Werbefl\u00e4chen im Innen- und Aussenbereich des Alpinen Sportzentrum mitten im Schneesport Dorf M\u00fcrren. Werbefl\u00e4chen Schwimmbad (div. Orte und Gr\u00f6ssen) Werbefl\u00e4chen Sporthalle (div. Orte und Gr\u00f6ssen) Bandenwerbung Eisfeld ( 12 &hellip; <\/p>\n<p class=\"link-more\"><a href=\"https:\/\/www.sportzentrum-muerren.ch\/en\/angebot\/werbeflaechen\/\" class=\"more-link\">Read more<span class=\"screen-reader-text\"> &#8222;Werbefl\u00e4chen&#8220;<\/span><\/a><\/p>","protected":false},"author":6,"featured_media":33453,"parent":185,"menu_order":0,"comment_status":"closed","ping_status":"closed","template":"","meta":{"inspiro_hide_title":false,"footnotes":""},"class_list":["post-33429","page","type-page","status-publish","has-post-thumbnail","hentry"],"_links":{"self":[{"href":"https:\/\/www.sportzentrum-muerren.ch\/en\/wp-json\/wp\/v2\/pages\/33429","targetHints":{"allow":["GET"]}}],"collection":[{"href":"https:\/\/www.sportzentrum-muerren.ch\/en\/wp-json\/wp\/v2\/pages"}],"about":[{"href":"https:\/\/www.sportzentrum-muerren.ch\/en\/wp-json\/wp\/v2\/types\/page"}],"author":[{"embeddable":true,"href":"https:\/\/www.sportzentrum-muerren.ch\/en\/wp-json\/wp\/v2\/users\/6"}],"replies":[{"embeddable":true,"href":"https:\/\/www.sportzentrum-muerren.ch\/en\/wp-json\/wp\/v2\/comments?post=33429"}],"version-history":[{"count":11,"href":"https:\/\/www.sportzentrum-muerren.ch\/en\/wp-json\/wp\/v2\/pages\/33429\/revisions"}],"predecessor-version":[{"id":34478,"href":"https:\/\/www.sportzentrum-muerren.ch\/en\/wp-json\/wp\/v2\/pages\/33429\/revisions\/34478"}],"up":[{"embeddable":true,"href":"https:\/\/www.sportzentrum-muerren.ch\/en\/wp-json\/wp\/v2\/pages\/185"}],"wp:featuredmedia":[{"embeddable":true,"href":"https:\/\/www.sportzentrum-muerren.ch\/en\/wp-json\/wp\/v2\/media\/33453"}],"wp:attachment":[{"href":"https:\/\/www.sportzentrum-muerren.ch\/en\/wp-json\/wp\/v2\/media?parent=33429"}],"curies":[{"name":"wp","href":"https:\/\/api.w.org\/{rel}","templated":true}]}}