{"id":32544,"date":"2022-01-15T09:49:16","date_gmt":"2022-01-15T08:49:16","guid":{"rendered":"https:\/\/www.sportzentrum-muerren.ch\/?page_id=32544"},"modified":"2026-02-26T09:54:19","modified_gmt":"2026-02-26T08:54:19","slug":"arzt-im-sportzentrum","status":"publish","type":"page","link":"https:\/\/www.sportzentrum-muerren.ch\/en\/angebot\/arzt-im-sportzentrum\/","title":{"rendered":"Doctor at the sports center"},"content":{"rendered":"<h1><strong>Medical care<\/strong><\/h1>\n<p>Do you require medical assistance? You can easily reach a doctor here.<\/p>\n<ul>\n<li><a href=\"https:\/\/www.walk-in-clinic.ch\/de\/index.html\" target=\"_blank\" rel=\"noopener\">Walk-in Clinic Interlaken:<\/a> Mo \u2013 Fr 08.00 bis 12.00 Uhr,<br \/>\n13 bis 17 Uhr, +41 33 826 21 00<\/li>\n<li><a href=\"https:\/\/www.han-i.ch\/\" target=\"_blank\" rel=\"noopener\">Hausarztnotfall Region Interlaken:<\/a> abends und am Wochenende, +41 900 57 67 47<\/li>\n<li><a href=\"https:\/\/www.medgate.ch\/de-ch\" target=\"_blank\" rel=\"noopener\">Medgate (Telefonische Auskunft):<\/a> 24\/7 erreichbar, +41 800 888 333<\/li>\n<li><a href=\"https:\/\/caremed.ch\/\" target=\"_blank\" rel=\"noopener\">Arztpraxis Lauterbrunnen:<\/a> Mo \u2013 Mi + Fr 08.00 \u2013 11.30 Uhr, 13.30 \u2013 17.00 Uhr, Do 08.00 \u2013 11.30 Uhr, Sa 09.00\u00a0 -12.00 Uhr, +41 33 856 26 26<\/li>\n<li>or contact your nearest GP practice<\/li>\n<\/ul>\n<p><strong>Tipp:<\/strong> Please call the selected practice in advance to avoid unnecessary waiting times.<\/p>\n\t<h1><strong>Opening hours of the doctor's surgery in M\u00fcrren<\/strong><\/h1>\n<strong>March<br \/>\n<\/strong>Mondays: 09, 16, 23.03<br \/>\n15.30 \u2013 17.00\nDonnerstags: 05, 12, 19, 26.03<br \/>\n08.00 \u2013 12.00 Uhr & 13.30 \u2013 17.00 Uhr\n<strong>Monday 02.03<\/strong><br \/>\n08.00 \u2013 12.00 Uhr & 13.30 \u2013 17.00 Uhr\n\t<p><strong>Summer<\/strong><\/p>\n<p>There is no medical care on site during the summer season.<\/p>\n<p>Der n\u00e4chste Arzt & die n\u00e4chste Praxisapotheke sind in Lauterbrunnen. Informationen zu den \u00d6ffnungszeiten finden Sie auf der <a href=\"https:\/\/caremed.ch\/\">Webseite.<\/a><\/p>\n<p>In emergencies, please contact +41 33 856 26 26 (also possible outside opening hours).<\/p>","protected":false},"excerpt":{"rendered":"<p>Medizinische Versorgung Brauchst du \u00e4rztliche Hilfe? Hier erreichst du einfach eine \u00c4rztin oder einen Arzt. Walk-in Clinic Interlaken: Mo \u2013 Fr 08.00 bis 12.00 Uhr, 13 bis 17 Uhr, +41 33 826 21 00 Hausarztnotfall Region Interlaken: abends und am Wochenende, +41 900 57 67 47 Medgate (Telefonische Auskunft): 24\/7 erreichbar, +41 800 888 333 &hellip; <\/p>\n<p class=\"link-more\"><a href=\"https:\/\/www.sportzentrum-muerren.ch\/en\/angebot\/arzt-im-sportzentrum\/\" class=\"more-link\">Read more<span class=\"screen-reader-text\"> &#8222;Arzt im Sportzentrum&#8220;<\/span><\/a><\/p>","protected":false},"author":6,"featured_media":31505,"parent":185,"menu_order":0,"comment_status":"closed","ping_status":"closed","template":"","meta":{"inspiro_hide_title":false,"footnotes":""},"class_list":["post-32544","page","type-page","status-publish","has-post-thumbnail","hentry"],"_links":{"self":[{"href":"https:\/\/www.sportzentrum-muerren.ch\/en\/wp-json\/wp\/v2\/pages\/32544","targetHints":{"allow":["GET"]}}],"collection":[{"href":"https:\/\/www.sportzentrum-muerren.ch\/en\/wp-json\/wp\/v2\/pages"}],"about":[{"href":"https:\/\/www.sportzentrum-muerren.ch\/en\/wp-json\/wp\/v2\/types\/page"}],"author":[{"embeddable":true,"href":"https:\/\/www.sportzentrum-muerren.ch\/en\/wp-json\/wp\/v2\/users\/6"}],"replies":[{"embeddable":true,"href":"https:\/\/www.sportzentrum-muerren.ch\/en\/wp-json\/wp\/v2\/comments?post=32544"}],"version-history":[{"count":11,"href":"https:\/\/www.sportzentrum-muerren.ch\/en\/wp-json\/wp\/v2\/pages\/32544\/revisions"}],"predecessor-version":[{"id":34524,"href":"https:\/\/www.sportzentrum-muerren.ch\/en\/wp-json\/wp\/v2\/pages\/32544\/revisions\/34524"}],"up":[{"embeddable":true,"href":"https:\/\/www.sportzentrum-muerren.ch\/en\/wp-json\/wp\/v2\/pages\/185"}],"wp:featuredmedia":[{"embeddable":true,"href":"https:\/\/www.sportzentrum-muerren.ch\/en\/wp-json\/wp\/v2\/media\/31505"}],"wp:attachment":[{"href":"https:\/\/www.sportzentrum-muerren.ch\/en\/wp-json\/wp\/v2\/media?parent=32544"}],"curies":[{"name":"wp","href":"https:\/\/api.w.org\/{rel}","templated":true}]}}