{"id":31339,"date":"2021-06-28T11:10:56","date_gmt":"2021-06-28T10:10:56","guid":{"rendered":"https:\/\/www.sportzentrum-muerren.ch\/?page_id=31339"},"modified":"2026-01-13T15:46:31","modified_gmt":"2026-01-13T14:46:31","slug":"curling","status":"publish","type":"page","link":"https:\/\/www.sportzentrum-muerren.ch\/en\/angebot\/curling\/","title":{"rendered":"Curling"},"content":{"rendered":"<h2><strong>We will lead you onto the ice<\/strong><\/h2>\n\t<p>From December to mid-March, three covered curling rinks are available in addition to the six outdoor rinks, which also allow curling fun regardless of the weather. Curling tournaments are also held on a regular basis. Experienced players can hire the rinks for training sessions and competitions. Stones and shoe protectors are available. We offer fun curling for beginners.<\/p>\n<p><strong>Fun curling<\/strong><\/p>\n<p>Lassen Sie sich von unseren erfahrenen Eismeistern, Kurt und H\u00e4mpel f\u00fcr das Spiel mit Stein und Besen begeistern. W\u00e4hrend zwei Stunden werden Sie in die Geheimnisse und Fertigkeiten des Curling-Sports eingef\u00fchrt. Das Angebot eignet sich f\u00fcr Vereine und Firmen oder auch f\u00fcr kleine Gruppen (ab 4 Personen) und kann w\u00e4hrend Dezember bis M\u00e4rz gebucht werden.<\/p>\n<ul>\n<li>Price: CHF 30.00 per Person \/ Hour<\/li>\n<li>Eisrink, Material & Instruktion inklusive<\/li>\n<\/ul>\n\n\t<h3><strong>Curling Turniere Wintersaison 2025\/2026<\/strong><\/h3>\n\t<p>We are happy to accept your reservation for participation in a tournament. You can find the overview below. Individual players are also very welcome and can register for a tournament with us.<\/p>\n<p>You can also find the latest curling news on the homepage of the <a href=\"https:\/\/www.muerrentaechi.ch\/\">Curling Club M\u00fcrren T\u00e4chi.<\/a><\/p>\n\t\t\t<a href=\"https:\/\/www.sportzentrum-muerren.ch\/wp-content\/uploads\/Curling_Flyer_V6.pdf\" target=\"_blank\" rel=\"noopener\">\n\t\t\t\t\t\t\tCurlingprogramm PDF\n\t\t\t\t\t<\/a>\n\t\t\t\t\t\t\t\t\t\t\t\t<h3>Dezember 2025<\/h3>\n\t\t\t<!-- END .front -->\n\t\t\t\t\t\t<h1><strong>05. & 06. Dezember<\/strong><\/h1><p>\u00c4mmitaler Trophy<\/p><h1><strong>27. & 28. Dezember<\/strong><\/h1>M\u00fcrren B\u00e4r<p><\/p>\t\t\t\t\t\n\t\t\t<!-- END .back -->\n\t\t <!-- ifb-flip-box -->\n\t <!-- flip-box -->\n\t\t\t\t\t\t\t\t\t\t\t\t<h3>Februar 2026<\/h3>\n\t\t\t<!-- END .front -->\n\t\t\t\t\t\t<h1>31.01. \u2013 01. Februar<\/h1><p>Eiger Adler Cup<\/p><h1>05. Februar<\/h1>Snuffer Trophy<h1>07. \u2013 08 Februar<\/h1>T\u00e4chi Trophy<h1>09. & 27. Februar<\/h1>Gewerbe & Ice Men\u2019s Cup<h1>14. Februar<\/h1>Gimmelwald Trophy<h1>15. Februar<\/h1>Mixed Double Open Air<h1>21. Februar<\/h1>Solothurn Cup<p><\/p>\t\t\t\t\t\n\t\t\t<!-- END .back -->\n\t\t <!-- ifb-flip-box -->\n\t <!-- flip-box -->\n\t\t\t\t\t\t\t\t\t\t\t\t<h3>Januar 2026<\/h3>\n\t\t\t<!-- END .front -->\n\t\t\t\t\t\t<h1><strong>03. Januar<\/strong><\/h1><p>M\u00fcrren Tourismus Trophy<\/p><h1>09. \u2013 11. Januar<\/h1>BOCA<h1>16. \u2013 18. Januar<\/h1>Luzern Openair Cup<h1>31.01 \u2013 01. Februar<\/h1>Eiger Adler Cup<p><\/p><h1>\u00a0<\/h1>\t\t\t\t\t\n\t\t\t<!-- END .back -->\n\t\t <!-- ifb-flip-box -->\n\t <!-- flip-box -->\n\t\t\t\t\t\t\t\t\t\t\t\t<h3>M\u00e4rz 2026<\/h3>\n\t\t\t<!-- END .front -->\n\t\t\t\t\t\t<h1>01. M\u00e4rz<\/h1><p>M\u00fcrren Palace Trophy<\/p><h1>02. & 03. M\u00e4rz<\/h1>Angestellten Cup<h1>07. M\u00e4rz<\/h1>Time Out Cup<h1>08. M\u00e4rz<\/h1>Alpina Vase<p><\/p><h1>\u00a0<\/h1>\t\t\t\t\t\n\t\t\t<!-- END .back -->\n\t\t <!-- ifb-flip-box -->\n\t <!-- flip-box -->","protected":false},"excerpt":{"rendered":"<p>Wir f\u00fchren Sie aufs Glatteis Von Dezember bis Mitte M\u00e4rz stehen neben den sechs Outdoor Rinks drei \u00fcberdachte Curling-Rinks zur Verf\u00fcgung, die auch einen wetterunabh\u00e4ngigen Curlingspass erlauben. Zudem werden regelm\u00e4ssig Curling Turniere durchgef\u00fchrt. Erfahrene Spielerinnen und Spieler k\u00f6nnen die Rinks f\u00fcr Trainings und Wettk\u00e4mpfe mieten. Steine und Schuhschoner stehen zur Verf\u00fcgung. F\u00fcr Anf\u00e4nger bieten wir &hellip; <\/p>\n<p class=\"link-more\"><a href=\"https:\/\/www.sportzentrum-muerren.ch\/en\/angebot\/curling\/\" class=\"more-link\">Read more<span class=\"screen-reader-text\"> &#8222;Curling&#8220;<\/span><\/a><\/p>","protected":false},"author":6,"featured_media":34458,"parent":185,"menu_order":11,"comment_status":"closed","ping_status":"closed","template":"","meta":{"inspiro_hide_title":false,"footnotes":""},"class_list":["post-31339","page","type-page","status-publish","has-post-thumbnail","hentry"],"_links":{"self":[{"href":"https:\/\/www.sportzentrum-muerren.ch\/en\/wp-json\/wp\/v2\/pages\/31339","targetHints":{"allow":["GET"]}}],"collection":[{"href":"https:\/\/www.sportzentrum-muerren.ch\/en\/wp-json\/wp\/v2\/pages"}],"about":[{"href":"https:\/\/www.sportzentrum-muerren.ch\/en\/wp-json\/wp\/v2\/types\/page"}],"author":[{"embeddable":true,"href":"https:\/\/www.sportzentrum-muerren.ch\/en\/wp-json\/wp\/v2\/users\/6"}],"replies":[{"embeddable":true,"href":"https:\/\/www.sportzentrum-muerren.ch\/en\/wp-json\/wp\/v2\/comments?post=31339"}],"version-history":[{"count":11,"href":"https:\/\/www.sportzentrum-muerren.ch\/en\/wp-json\/wp\/v2\/pages\/31339\/revisions"}],"predecessor-version":[{"id":34459,"href":"https:\/\/www.sportzentrum-muerren.ch\/en\/wp-json\/wp\/v2\/pages\/31339\/revisions\/34459"}],"up":[{"embeddable":true,"href":"https:\/\/www.sportzentrum-muerren.ch\/en\/wp-json\/wp\/v2\/pages\/185"}],"wp:featuredmedia":[{"embeddable":true,"href":"https:\/\/www.sportzentrum-muerren.ch\/en\/wp-json\/wp\/v2\/media\/34458"}],"wp:attachment":[{"href":"https:\/\/www.sportzentrum-muerren.ch\/en\/wp-json\/wp\/v2\/media?parent=31339"}],"curies":[{"name":"wp","href":"https:\/\/api.w.org\/{rel}","templated":true}]}}