{"id":27724,"date":"2015-01-29T16:14:19","date_gmt":"2015-01-29T15:14:19","guid":{"rendered":"http:\/\/www.sportzentrum-muerren.ch\/?page_id=27724"},"modified":"2023-07-23T10:38:48","modified_gmt":"2023-07-23T09:38:48","slug":"trainingslager","status":"publish","type":"page","link":"https:\/\/www.sportzentrum-muerren.ch\/en\/trainingslager\/","title":{"rendered":"Trainingslager"},"content":{"rendered":"<h1>Das Alpine Sportzentrum M\u00fcrren eignet sich dank seiner H\u00f6henlage besonders gut f\u00fcr Trainingslager verschiedenster Sportarten.<\/h1>\n<p>Mit einer 3-fach Turnhalle, die f\u00fcr die popul\u00e4rsten Hallensportarten eingerichtet werden kann, einem 25 m Schwimmbecken, einem modernen Fitnessraum, den erfahrenen Massagetherapeuten und einer modernen Alpine Spa Wellnessanlage verf\u00fcgen wir \u00fcber die notwendigen Grundlagen f\u00fcr jeden ambitionierten Sportclub.<\/p>\n<p>M\u00fcrren ist ein kleines Bergdorf ohne Verkehr und der Gast findet alles, was er ben\u00f6tigt auf kleinstem Raum. Der Weg von der Unterkunft zum Alpinen Sportzentrum betr\u00e4gt selten mehr als 10 Minuten und die einzigartige Umgebung regt zu Aktivit\u00e4ten in der wunderbaren Natur an.<\/p>\n<p>Gestalten Sie Ihr Trainingslager nach Ihren W\u00fcnschen, in uns haben Sie einen verl\u00e4sslichen Partner, der die Voraussetzungen f\u00fcr erfolgreiche sportliche Erlebnisse schafft .<\/p>\n<strong>Preise<br>\n<\/strong>G\u00e4ste vom Sportchalet steht die Halle kostenlos zur Verf\u00fcgung.<br>\nF\u00fcr die Gruppen und Vereine welche nicht im Sportchalet logieren, gilt foldende Preisliste:<br>\n<a href=\"http:\/\/www.sportzentrum-muerren.ch\/wp-content\/uploads\/Spezialpreise-Vereine.pdf\">Spezialpreise Vereine<\/a>\n<strong>\u00dcbernachtungsm\u00f6glichkeit<\/strong><br>\n<strong>Sportchalet M\u00fcrren<\/strong><br>\nDas Sportchalet bietet knapp 100 Betten in EZ, DZ und Mehrbettzimmern.<br>\nG\u00e4sten des Sportchalets steht die Benutzung der Sport- sowie Schwimmhalle im Alpinen Sportzentrum w\u00e4hrend den \u00d6ffnungszeiten kostenfrei zur Verf\u00fcgung.<br>\n<a href=\"http:\/\/www.sportchalet.ch\" target=\"_blank\" rel=\"noopener\">Homepage Sportchalet M\u00fcrren<\/a> oder + 41 33 855 18 32\n<strong>Jugendpavillon<br>\n<\/strong>Der Jugendpavillon ist ein Selbstversorgungshaus und bietet Platz f\u00fcr Vereine bis zu 45 Personen in 12er, 10er und 2er Zimmer. Der Pavillon liegt direkt oberhalb der Schilthorbahnstation M\u00fcrren. Der Eintritt zum Schwimmbad im Alpinen Sportzentrum w\u00e4hrend den \u00d6ffnungszeiten ist kostenfrei.<br>\n033 856 86 86.\n\t<p><strong>Anfrage<\/strong><\/p>\n<div class=\"caldera-grid\" id=\"caldera_form_1\" data-cf-ver=\"1.9.6\" data-cf-form-id=\"CF60e1a6dec0006\"><div id=\"caldera_notices_1\" data-spinner=\"https:\/\/www.sportzentrum-muerren.ch\/wp-admin\/images\/spinner.gif\"><\/div><form data-instance=\"1\" class=\"CF60e1a6dec0006 caldera_forms_form cfajax-trigger\" method=\"POST\" enctype=\"multipart\/form-data\" id=\"CF60e1a6dec0006_1\" data-form-id=\"CF60e1a6dec0006\" aria-label=\"Curling Reservation\" data-target=\"#caldera_notices_1\" data-template=\"#cfajax_CF60e1a6dec0006-tmpl\" data-cfajax=\"CF60e1a6dec0006\" data-load-element=\"_parent\" data-load-class=\"cf_processing\" data-post-disable=\"1\" data-action=\"cf_process_ajax_submit\" data-request=\"https:\/\/www.sportzentrum-muerren.ch\/en\/cf-api\/CF60e1a6dec0006\" data-hiderows=\"true\" action=\"\">\r\n<input type=\"hidden\" id=\"_cf_verify_CF60e1a6dec0006\" name=\"_cf_verify\" value=\"0246fed77e\"  data-nonce-time=\"1777643530\" \/><input type=\"hidden\" name=\"_wp_http_referer\" value=\"\/en\/wp-json\/wp\/v2\/pages\/27724\" \/><div id=\"cf2-CF60e1a6dec0006_1\"><\/div><input type=\"hidden\" name=\"_cf_frm_id\" value=\"CF60e1a6dec0006\">\r\n<input type=\"hidden\" name=\"_cf_frm_ct\" value=\"1\">\r\n<input type=\"hidden\" name=\"cfajax\" value=\"CF60e1a6dec0006\">\r\n<input type=\"hidden\" name=\"_cf_cr_pst\" value=\"27724\">\r\n<div class=\"hide\" style=\"display:none; overflow:hidden;height:0;width:0;\">\r\n<label>Order Number<\/label><input type=\"text\" name=\"order_number\" value=\"\" autocomplete=\"off\">\r\n<\/div><div id=\"CF60e1a6dec0006_1-row-1\"  class=\"row  first_row\"><div  class=\"col-sm-12  single\"><div data-field-wrapper=\"fld_5961411\" class=\"form-group\" id=\"fld_5961411_1-wrap\">\r\n\t<label id=\"fld_5961411Label\" for=\"fld_5961411_1\" class=\"control-label\">Date <span aria-hidden=\"true\" role=\"presentation\" class=\"field_required\" style=\"color:#ee0000;\">*<\/span><\/label>\r\n\t<div class=\"\">\r\n\t\t<input   required type=\"text\" data-field=\"fld_5961411\" class=\"form-control\" id=\"fld_5961411_1\" name=\"fld_5961411\" value=\"\" data-type=\"text\" aria-required=\"true\"   aria-labelledby=\"fld_5961411Label\" >\t\t\t<\/div>\r\n<\/div>\r\n<div data-field-wrapper=\"fld_4376962\" class=\"form-group\" id=\"fld_4376962_1-wrap\">\r\n\t<label id=\"fld_4376962Label\" for=\"fld_4376962_1\" class=\"control-label\">Time <span aria-hidden=\"true\" role=\"presentation\" class=\"field_required\" style=\"color:#ee0000;\">*<\/span><\/label>\r\n\t<div class=\"\">\r\n\t\t<input   required type=\"text\" data-field=\"fld_4376962\" class=\"form-control\" id=\"fld_4376962_1\" name=\"fld_4376962\" value=\"\" data-type=\"text\" aria-required=\"true\"   aria-labelledby=\"fld_4376962Label\" >\t\t\t<\/div>\r\n<\/div>\r\n<\/div><\/div><div id=\"CF60e1a6dec0006_1-row-2\"  class=\"row\"><div  class=\"col-sm-12  single\"><div data-field-wrapper=\"fld_3797693\" class=\"form-group\" id=\"fld_3797693_1-wrap\">\r\n\t<label id=\"fld_3797693Label\" for=\"fld_3797693_1\" class=\"control-label\">Club \/ Verein<\/label>\r\n\t<div class=\"\">\r\n\t\t<input    type=\"text\" data-field=\"fld_3797693\" class=\"form-control\" id=\"fld_3797693_1\" name=\"fld_3797693\" value=\"\" data-type=\"text\"   aria-labelledby=\"fld_3797693Label\" >\t\t\t<\/div>\r\n<\/div>\r\n<\/div><\/div><div id=\"CF60e1a6dec0006_1-row-3\"  class=\"row\"><div  class=\"col-sm-6  first_col\"><div data-field-wrapper=\"fld_545861\" class=\"form-group\" id=\"fld_545861_1-wrap\">\r\n\t<label id=\"fld_545861Label\" for=\"fld_545861_1\" class=\"control-label\">Name <span aria-hidden=\"true\" role=\"presentation\" class=\"field_required\" style=\"color:#ee0000;\">*<\/span><\/label>\r\n\t<div class=\"\">\r\n\t\t<input   required type=\"text\" data-field=\"fld_545861\" class=\"form-control\" id=\"fld_545861_1\" name=\"fld_545861\" value=\"\" data-type=\"text\" aria-required=\"true\"   aria-labelledby=\"fld_545861Label\" >\t\t\t<\/div>\r\n<\/div>\r\n<\/div><div  class=\"col-sm-6  last_col\"><div data-field-wrapper=\"fld_9806099\" class=\"form-group\" id=\"fld_9806099_1-wrap\">\r\n\t<label id=\"fld_9806099Label\" for=\"fld_9806099_1\" class=\"control-label\">First Name <span aria-hidden=\"true\" role=\"presentation\" class=\"field_required\" style=\"color:#ee0000;\">*<\/span><\/label>\r\n\t<div class=\"\">\r\n\t\t<input   required type=\"text\" data-field=\"fld_9806099\" class=\"form-control\" id=\"fld_9806099_1\" name=\"fld_9806099\" value=\"\" data-type=\"text\" aria-required=\"true\"   aria-labelledby=\"fld_9806099Label\" >\t\t\t<\/div>\r\n<\/div>\r\n<\/div><\/div><div id=\"CF60e1a6dec0006_1-row-4\"  class=\"row\"><div  class=\"col-sm-6  first_col\"><div data-field-wrapper=\"fld_5636151\" class=\"form-group\" id=\"fld_5636151_1-wrap\">\r\n\t<label id=\"fld_5636151Label\" for=\"fld_5636151_1\" class=\"control-label\">Adress <span aria-hidden=\"true\" role=\"presentation\" class=\"field_required\" style=\"color:#ee0000;\">*<\/span><\/label>\r\n\t<div class=\"\">\r\n\t\t<input   required type=\"text\" data-field=\"fld_5636151\" class=\"form-control\" id=\"fld_5636151_1\" name=\"fld_5636151\" value=\"\" data-type=\"text\" aria-required=\"true\"   aria-labelledby=\"fld_5636151Label\" >\t\t\t<\/div>\r\n<\/div>\r\n<\/div><div  class=\"col-sm-6  last_col\"><div data-field-wrapper=\"fld_6409263\" class=\"form-group\" id=\"fld_6409263_1-wrap\">\r\n\t<label id=\"fld_6409263Label\" for=\"fld_6409263_1\" class=\"control-label\">ZIP \/ CITY <span aria-hidden=\"true\" role=\"presentation\" class=\"field_required\" style=\"color:#ee0000;\">*<\/span><\/label>\r\n\t<div class=\"\">\r\n\t\t<input   required type=\"text\" data-field=\"fld_6409263\" class=\"form-control\" id=\"fld_6409263_1\" name=\"fld_6409263\" value=\"\" data-type=\"text\" aria-required=\"true\"   aria-labelledby=\"fld_6409263Label\" >\t\t\t<\/div>\r\n<\/div>\r\n<\/div><\/div><div id=\"CF60e1a6dec0006_1-row-5\"  class=\"row\"><div  class=\"col-sm-6  first_col\"><div data-field-wrapper=\"fld_6574906\" class=\"form-group\" id=\"fld_6574906_1-wrap\">\r\n\t<label id=\"fld_6574906Label\" for=\"fld_6574906_1\" class=\"control-label\">Mobile <span aria-hidden=\"true\" role=\"presentation\" class=\"field_required\" style=\"color:#ee0000;\">*<\/span><\/label>\r\n\t<div class=\"\">\r\n\t\t<input   required type=\"text\" data-field=\"fld_6574906\" class=\"form-control\" id=\"fld_6574906_1\" name=\"fld_6574906\" value=\"\" data-type=\"text\" aria-required=\"true\"   aria-labelledby=\"fld_6574906Label\" >\t\t\t<\/div>\r\n<\/div>\r\n<\/div><div  class=\"col-sm-6  last_col\"><div data-field-wrapper=\"fld_7433082\" class=\"form-group\" id=\"fld_7433082_1-wrap\">\r\n\t<label id=\"fld_7433082Label\" for=\"fld_7433082_1\" class=\"control-label\">E-Mail <span aria-hidden=\"true\" role=\"presentation\" class=\"field_required\" style=\"color:#ee0000;\">*<\/span><\/label>\r\n\t<div class=\"\">\r\n\t\t<input   required type=\"text\" data-field=\"fld_7433082\" class=\"form-control\" id=\"fld_7433082_1\" name=\"fld_7433082\" value=\"\" data-type=\"text\" aria-required=\"true\"   aria-labelledby=\"fld_7433082Label\" >\t\t\t<\/div>\r\n<\/div>\r\n<\/div><\/div><div id=\"CF60e1a6dec0006_1-row-6\"  class=\"row\"><div  class=\"col-sm-12  single\"><div data-field-wrapper=\"fld_9502950\" class=\"form-group\" id=\"fld_9502950_1-wrap\">\r\n\t<label id=\"fld_9502950Label\" for=\"fld_9502950_1\" class=\"control-label\">Amount of People <span aria-hidden=\"true\" role=\"presentation\" class=\"field_required\" style=\"color:#ee0000;\">*<\/span><\/label>\r\n\t<div class=\"\">\r\n\t\t<input   required type=\"text\" data-field=\"fld_9502950\" class=\"form-control\" id=\"fld_9502950_1\" name=\"fld_9502950\" value=\"\" data-type=\"text\" aria-required=\"true\"   aria-labelledby=\"fld_9502950Label\" >\t\t\t<\/div>\r\n<\/div>\r\n<\/div><\/div><div id=\"CF60e1a6dec0006_1-row-7\"  class=\"row\"><div  class=\"col-sm-12  single\"><div data-field-wrapper=\"fld_6911734\" class=\"form-group\" id=\"fld_6911734_1-wrap\">\r\n\t<label id=\"fld_6911734Label\" for=\"fld_6911734_1\" class=\"control-label\">Kind<\/label>\r\n\t<div class=\"\">\r\n\t\t<select name=\"fld_6911734\" value=\"\" data-field=\"fld_6911734\" class=\"form-control\" id=\"fld_6911734_1\"    aria-labelledby=\"fld_6911734Label\" >\n\t\t<option value=\"\"><\/option>\r\n\t\t\t\t\t<option value=\"Curling\"  data-calc-value=\"Curling\" >\n\t\t\t\t\t\tCurling\t\t\t\t\t<\/option>\n\t\t\t\t\t\t\t\t\t\t<option value=\"Eisstock\"  data-calc-value=\"Eisstock\" >\n\t\t\t\t\t\tEisstock\t\t\t\t\t<\/option>\n\t\t\t\t\t\t\t\t\t\t<option value=\"Teaching\"  data-calc-value=\"Teaching\" >\n\t\t\t\t\t\tTeaching\t\t\t\t\t<\/option>\n\t\t\t\t\t\t\t<\/select>\n\t\t\t<\/div>\r\n<\/div>\r\n<div data-field-wrapper=\"fld_8977157\" class=\"form-group\" id=\"fld_8977157_1-wrap\">\r\n<label id=\"fld_8977157Label\" for=\"fld_8977157_1\" class=\"control-label\">Amount of Rinks <span aria-hidden=\"true\" role=\"presentation\" class=\"field_required\" style=\"color:#ee0000;\">*<\/span><\/label>\r\n<div class=\"\">\r\n\t\t\t\t\t<div class=\"radio\">\n\t\t\t\t<label data-label=\"1\" for=\"fld_8977157_1_opt1446827\"><input type=\"radio\" id=\"fld_8977157_1_opt1446827\" data-field=\"fld_8977157\" class=\"fld_8977157_1 option-required\" name=\"fld_8977157\" value=\"1\"   required=\"required\" data-radio-field=\"fld_8977157_1\" data-type=\"radio\" data-calc-value=\"1\" \/>\n\t\t\t1\t\t<\/label>\n\t\t\t\t\t<\/div>\n\t\t\t\t\t\t\t\t\t<div class=\"radio\">\n\t\t\t\t<label data-label=\"2\" for=\"fld_8977157_1_opt1310466\"><input type=\"radio\" id=\"fld_8977157_1_opt1310466\" data-field=\"fld_8977157\" class=\"fld_8977157_1 option-required\" name=\"fld_8977157\" value=\"2\"   required=\"required\" data-radio-field=\"fld_8977157_1\" data-type=\"radio\" data-calc-value=\"2\" \/>\n\t\t\t2\t\t<\/label>\n\t\t\t\t\t<\/div>\n\t\t\t\t\t\t\t\t\t<div class=\"radio\">\n\t\t\t\t<label data-label=\"3\" for=\"fld_8977157_1_opt1958480\"><input type=\"radio\" id=\"fld_8977157_1_opt1958480\" data-field=\"fld_8977157\" class=\"fld_8977157_1 option-required\" name=\"fld_8977157\" value=\"3\"   required=\"required\" data-radio-field=\"fld_8977157_1\" data-type=\"radio\" data-calc-value=\"3\" \/>\n\t\t\t3\t\t<\/label>\n\t\t\t\t\t<\/div>\n\t\t\t\t\t\t\t\t\t<div class=\"radio\">\n\t\t\t\t<label data-label=\"4\" for=\"fld_8977157_1_opt1920324\"><input type=\"radio\" id=\"fld_8977157_1_opt1920324\" data-field=\"fld_8977157\" class=\"fld_8977157_1 option-required\" name=\"fld_8977157\" value=\"4\"   required=\"required\" data-radio-field=\"fld_8977157_1\" data-type=\"radio\" data-calc-value=\"4\" \/>\n\t\t\t4\t\t<\/label>\n\t\t\t\t\t<\/div>\n\t\t\t\t\t\t\t\t\t<div class=\"radio\">\n\t\t\t\t<label data-label=\"5\" for=\"fld_8977157_1_opt1361706\"><input type=\"radio\" id=\"fld_8977157_1_opt1361706\" data-field=\"fld_8977157\" class=\"fld_8977157_1 option-required\" name=\"fld_8977157\" value=\"5\"   required=\"required\" data-radio-field=\"fld_8977157_1\" data-type=\"radio\" data-calc-value=\"5\" \/>\n\t\t\t5\t\t<\/label>\n\t\t\t\t\t<\/div>\n\t\t\t\t\t\t\t\t\t<div class=\"radio\">\n\t\t\t\t<label data-label=\"6\" for=\"fld_8977157_1_opt1137038\"><input type=\"radio\" id=\"fld_8977157_1_opt1137038\" data-field=\"fld_8977157\" class=\"fld_8977157_1 option-required\" name=\"fld_8977157\" value=\"6\"   required=\"required\" data-radio-field=\"fld_8977157_1\" data-type=\"radio\" data-calc-value=\"6\" \/>\n\t\t\t6\t\t<\/label>\n\t\t\t\t\t<\/div>\n\t\t\t\t<\/div>\r\n<\/div>\r\n<\/div><\/div><div id=\"CF60e1a6dec0006_1-row-8\"  class=\"row  last_row\"><div  class=\"col-sm-12  single\"><div data-field-wrapper=\"fld_2309110\" class=\"form-group\" id=\"fld_2309110_1-wrap\">\r\n\t<label id=\"fld_2309110Label\" for=\"fld_2309110_1\" class=\"control-label\">Comment<\/label>\r\n\t<div class=\"\">\r\n\t\t<textarea name=\"fld_2309110\" value=\"\" data-field=\"fld_2309110\" class=\"form-control\" id=\"fld_2309110_1\" rows=\"4\"    aria-labelledby=\"fld_2309110Label\" ><\/textarea>\n\t\t\t<\/div>\r\n<\/div>\r\n<div data-field-wrapper=\"fld_8053433\" class=\"form-group\" id=\"fld_8053433_1-wrap\">\r\n<div class=\"\">\r\n\t<input  class=\"btn btn-default\" type=\"submit\" name=\"fld_8053433\" id=\"fld_8053433_1\" value=\"Senden\" data-field=\"fld_8053433\"  >\n<\/div>\r\n<\/div>\r\n\t<input class=\"button_trigger_1\" type=\"hidden\" name=\"fld_8053433\" id=\"fld_8053433_1_btn\" value=\"\" data-field=\"fld_8053433\"  \/>\n<\/div><\/div><input type=\"hidden\" name=\"trp-form-language\" value=\"en\"\/><\/form>\r\n<\/div>","protected":false},"excerpt":{"rendered":"<p>Das Alpine Sportzentrum M\u00fcrren eignet sich dank seiner H\u00f6henlage besonders gut f\u00fcr Trainingslager verschiedenster Sportarten. Mit einer 3-fach Turnhalle, die f\u00fcr die popul\u00e4rsten Hallensportarten eingerichtet werden kann, einem 25 m Schwimmbecken, einem modernen Fitnessraum, den erfahrenen Massagetherapeuten und einer modernen Alpine Spa Wellnessanlage verf\u00fcgen wir \u00fcber die notwendigen Grundlagen f\u00fcr jeden ambitionierten Sportclub. M\u00fcrren ist &hellip; <\/p>\n<p class=\"link-more\"><a href=\"https:\/\/www.sportzentrum-muerren.ch\/en\/trainingslager\/\" class=\"more-link\">Read more<span class=\"screen-reader-text\"> &#8222;Trainingslager&#8220;<\/span><\/a><\/p>","protected":false},"author":4,"featured_media":31538,"parent":0,"menu_order":0,"comment_status":"closed","ping_status":"closed","template":"","meta":{"inspiro_hide_title":false,"footnotes":""},"class_list":["post-27724","page","type-page","status-publish","has-post-thumbnail","hentry"],"_links":{"self":[{"href":"https:\/\/www.sportzentrum-muerren.ch\/en\/wp-json\/wp\/v2\/pages\/27724","targetHints":{"allow":["GET"]}}],"collection":[{"href":"https:\/\/www.sportzentrum-muerren.ch\/en\/wp-json\/wp\/v2\/pages"}],"about":[{"href":"https:\/\/www.sportzentrum-muerren.ch\/en\/wp-json\/wp\/v2\/types\/page"}],"author":[{"embeddable":true,"href":"https:\/\/www.sportzentrum-muerren.ch\/en\/wp-json\/wp\/v2\/users\/4"}],"replies":[{"embeddable":true,"href":"https:\/\/www.sportzentrum-muerren.ch\/en\/wp-json\/wp\/v2\/comments?post=27724"}],"version-history":[{"count":28,"href":"https:\/\/www.sportzentrum-muerren.ch\/en\/wp-json\/wp\/v2\/pages\/27724\/revisions"}],"predecessor-version":[{"id":33022,"href":"https:\/\/www.sportzentrum-muerren.ch\/en\/wp-json\/wp\/v2\/pages\/27724\/revisions\/33022"}],"wp:featuredmedia":[{"embeddable":true,"href":"https:\/\/www.sportzentrum-muerren.ch\/en\/wp-json\/wp\/v2\/media\/31538"}],"wp:attachment":[{"href":"https:\/\/www.sportzentrum-muerren.ch\/en\/wp-json\/wp\/v2\/media?parent=27724"}],"curies":[{"name":"wp","href":"https:\/\/api.w.org\/{rel}","templated":true}]}}