{"id":153,"date":"2013-03-20T21:35:43","date_gmt":"2013-03-20T20:35:43","guid":{"rendered":"http:\/\/sportzentrum-muerren.ch\/?page_id=153"},"modified":"2026-01-13T16:10:39","modified_gmt":"2026-01-13T15:10:39","slug":"kontakt-2","status":"publish","type":"page","link":"https:\/\/www.sportzentrum-muerren.ch\/en\/kontakt-2\/","title":{"rendered":"Contact"},"content":{"rendered":"<p><strong>Wir freuen uns auf Sie<\/strong><\/p>\n\t<strong>Alpines Sportzentrum M\u00fcrren AG<\/strong><br \/>\nH\u00f6hematte<br \/>\nCH-3825 M\u00fcrren<br \/>\nTelefon: +41 33 856 86 86<br \/>\nE-Mail: info@sportzentrum-muerren.ch\n\t<iframe src=\"https:\/\/www.google.com\/maps\/embed?pb=!1m18!1m12!1m3!1d2743.2385035617444!2d7.893763315971377!3d46.562748667489814!2m3!1f0!2f0!3f0!3m2!1i1024!2i768!4f13.1!3m3!1m2!1s0x478fa0717221d9cd%3A0x246dff3d368be604!2sAlpines%20Sportzentrum%20M%C3%BCrren%20AG!5e0!3m2!1sde!2sch!4v1624961611757!5m2!1sde!2sch\" width=\"600\" height=\"450\" allowfullscreen=\"\" loading=\"lazy\"><\/iframe>","protected":false},"excerpt":{"rendered":"<p>Wir freuen uns auf Sie Alpines Sportzentrum M\u00fcrren AG H\u00f6hematte CH-3825 M\u00fcrren Telefon: +41 33 856 86 86 E-Mail: info@sportzentrum-muerren.ch<\/p>","protected":false},"author":1,"featured_media":34445,"parent":0,"menu_order":16,"comment_status":"closed","ping_status":"closed","template":"","meta":{"inspiro_hide_title":false,"footnotes":""},"class_list":["post-153","page","type-page","status-publish","has-post-thumbnail","hentry"],"_links":{"self":[{"href":"https:\/\/www.sportzentrum-muerren.ch\/en\/wp-json\/wp\/v2\/pages\/153","targetHints":{"allow":["GET"]}}],"collection":[{"href":"https:\/\/www.sportzentrum-muerren.ch\/en\/wp-json\/wp\/v2\/pages"}],"about":[{"href":"https:\/\/www.sportzentrum-muerren.ch\/en\/wp-json\/wp\/v2\/types\/page"}],"author":[{"embeddable":true,"href":"https:\/\/www.sportzentrum-muerren.ch\/en\/wp-json\/wp\/v2\/users\/1"}],"replies":[{"embeddable":true,"href":"https:\/\/www.sportzentrum-muerren.ch\/en\/wp-json\/wp\/v2\/comments?post=153"}],"version-history":[{"count":11,"href":"https:\/\/www.sportzentrum-muerren.ch\/en\/wp-json\/wp\/v2\/pages\/153\/revisions"}],"predecessor-version":[{"id":34480,"href":"https:\/\/www.sportzentrum-muerren.ch\/en\/wp-json\/wp\/v2\/pages\/153\/revisions\/34480"}],"wp:featuredmedia":[{"embeddable":true,"href":"https:\/\/www.sportzentrum-muerren.ch\/en\/wp-json\/wp\/v2\/media\/34445"}],"wp:attachment":[{"href":"https:\/\/www.sportzentrum-muerren.ch\/en\/wp-json\/wp\/v2\/media?parent=153"}],"curies":[{"name":"wp","href":"https:\/\/api.w.org\/{rel}","templated":true}]}}