{"id":994,"date":"2013-03-25T15:35:06","date_gmt":"2013-03-25T14:35:06","guid":{"rendered":"http:\/\/www.sportzentrum-muerren.ch\/?page_id=994"},"modified":"2021-06-28T11:05:23","modified_gmt":"2021-06-28T10:05:23","slug":"impressum","status":"publish","type":"page","link":"http:\/\/www.sportzentrum-muerren.ch\/en\/impressum\/","title":{"rendered":"Imprint"},"content":{"rendered":"<p><strong>Alpines Sportzentrum M\u00fcrren AG<\/strong><br \/>\nim Sportzentrum<br \/>\nCH-3825 M\u00fcrren<br \/>\nTelefon: +41 33 856 86 86<br \/>\nFax: +41 33 856 86 96<br \/>\nE-Mail: <a>info@sportzentrum-muerren.ch<\/a><\/p>\n<h2>Eintrag im Handelsregister<\/h2>\n<p>Firmennummer: CH-092.3.000.179-5<\/p>\n<h2><strong>Haftungsauschluss \/ Datenschutzerkl\u00e4rung<\/strong><\/h2>\n<h3>Wichtige rechtliche Hinweise<\/h3>\n<p>Bitte lesen Sie die nachfolgenden Bedingungen aufmerksam durch, bevor Sie fortfahren. Personen, welche die Website sportzentrum-muerren.ch von Alpines Sportzentrum M\u00fcrren AG abrufen, erkl\u00e4ren sich mit den nachstehenden Bedingungen einverstanden.<\/p>\n<h3>Copyright und Markenrechte<\/h3>\n<p>Der gesamte Inhalt der Website sportzentrum-muerren.ch ist urheberrechtlich gesch\u00fctzt. Alle Rechte geh\u00f6ren Alpines Sportzentrum M\u00fcrren AG oder Dritten. Die Elemente auf der Website sportzentrum-muerren.ch sind nur f\u00fcr Browsingzwecke frei zug\u00e4nglich. Die Vervielf\u00e4ltigung des Materials oder Teilen davon in beliebiger schriftlicher oder elektronischer Form ist nur mit ausdr\u00fccklicher Erw\u00e4hnung von sportzentrum-muerren.ch gestattet. Das Reproduzieren, \u00dcbermitteln, Modifizieren, Verkn\u00fcpfen oder Benutzen der Website sportzentrum-muerren.ch f\u00fcr \u00f6ffentliche oder kommerzielle Zwecke ist ohne vorherige schriftliche Zustimmung von Alpines Sportzentrum M\u00fcrren AG untersagt.<\/p>\n<p>Die verschiedenen Namen und Logos auf der Website sportzentrum-muerren.ch sind in der Regel eingetragene, gesch\u00fctzte Marken. Kein Bestandteil der Website sportzentrum-muerren.ch ist so konzipiert, dass dadurch eine Lizenz oder ein Recht zur Nutzung eines Bildes, einer eingetragenen Marke oder eines Logos einger\u00e4umt wird. Durch ein Herunterladen oder Kopieren der Website sportzentrum-muerren.ch oder Teilen davon werden keinerlei Rechte hinsichtlich Software oder Elementen auf der Website sportzentrum-muerren.ch \u00fcbertragen. Alpines Sportzentrum M\u00fcrren AG beh\u00e4lt sich s\u00e4mtliche Rechte hinsichtlich aller Elemente auf der Website sportzentrum-muerren.ch, mit Ausnahme der Dritten geh\u00f6renden Rechte, vor.<\/p>\n<h3>Keine Gew\u00e4hrleistung<\/h3>\n<p>Obwohl Alpines Sportzentrum M\u00fcrren AG alle Sorgfalt verwendet hat, um die Zuverl\u00e4ssigkeit der auf der Website sportzentrum-muerren.ch enthaltenen Informationen im Zeitpunkt ihrer Publikation zu gew\u00e4hrleisten, k\u00f6nnen weder Alpines Sportzentrum M\u00fcrren AG noch ihre Vertragspartner eine explizite bzw. implizite Zusicherung oder Gew\u00e4hrleistung (auch gegen\u00fcber Dritten) hinsichtlich Genauigkeit, Zuverl\u00e4ssigkeit oder Vollst\u00e4ndigkeit der Informationen auf sportzentrum-muerren.ch machen. Meinungen und sonstige Informationen auf der Website sportzentrum-muerren.ch k\u00f6nnen jederzeit ohne Ank\u00fcndigung ge\u00e4ndert werden.<\/p>\n<p>Alpines Sportzentrum M\u00fcrren AG \u00fcbernimmt keine Verantwortung und gibt keine Garantie daf\u00fcr ab, dass die Funktionen auf der Website sportzentrum-muerren.ch nicht unterbrochen werden oder dass die Website sportzentrum-muerren.ch oder der jeweilige Server frei von Viren oder anderen sch\u00e4dlichen Bestandteilen ist.<\/p>\n<h3>Haftungsbeschr\u00e4nkung<\/h3>\n<p>Sofern ein Vertragsverh\u00e4ltnis zwischen Alpines Sportzentrum M\u00fcrren AG und dem Benutzer der Website sportzentrum-muerren.ch oder eines anderen Dienstes von Alpines Sportzentrum M\u00fcrren AG vorliegt, haftet Alpines Sportzentrum M\u00fcrren AG nur f\u00fcr grobfahrl\u00e4ssig oder vors\u00e4tzlich verursachte Sch\u00e4den. F\u00fcr einen durch eine Hilfsperson verursachten Schaden schliesst Alpines Sportzentrum M\u00fcrren AG jede Haftung aus. Alpines Sportzentrum M\u00fcrren AG haftet nicht f\u00fcr entgangenen Gewinn, Datenverluste oder sonstige direkte, indirekte oder Folgesch\u00e4den, die sich aus dem Zugriff auf Elemente der Website sportzentrum-muerren.ch oder deren Benutzung bzw. die Unm\u00f6glichkeit, auf diese zuzugreifen oder diese zu benutzen oder aus Verkn\u00fcpfung mit anderen Websites oder aus technischen St\u00f6rungen ergeben.<\/p>\n<h3>Verkn\u00fcpfungen (Links) zu anderen Websites<\/h3>\n<p>Die Website sportzentrum-muerren.ch enth\u00e4lt Links zu Websites von Dritten, die f\u00fcr Sie von Interesse sein k\u00f6nnen. Beim Aktivieren solcher Links verlassen Sie unter Umst\u00e4nden die Website sportzentrum-muerren.ch oder aber es erfolgt die Darstellung von Ausz\u00fcgen von Websites Dritter innerhalb der Umgebung der Website sportzentrum-muerren.ch. Alpines Sportzentrum M\u00fcrren AG hat keinerlei Kontrollen der durch Links mit der Website sportzentrum-muerren.ch verkn\u00fcpften Websites Dritter durchgef\u00fchrt und ist f\u00fcr den Inhalt oder das Funktionieren dieser Websites Dritter in keiner Weise verantwortlich oder haftbar. Dies gilt unabh\u00e4ngig davon, ob Sie bei der Aktivierung eines Links die Website sportzentrum-muerren.ch verlassen oder die Darstellung innerhalb der Umgebung der Website sportzentrum-muerren.ch erfolgt und auch, wenn im letzteren Fall der Informationsanbieter einer fremden Website nicht ohne weiteres ersichtlich ist. Das Herstellen dieser Verbindung oder das Konsultieren von Websites Dritter erfolgt ausschliesslich auf das Risiko und die Gefahr des Benutzers.<\/p>\n<h3>Datenschutz<\/h3>\n<p>Der Datenschutz hat bei Alpines Sportzentrum M\u00fcrren AG einen hohen Stellenwert. Als Besucher auf der Website sportzentrum-muerren.ch entscheiden Sie, welche personenbezogenen Daten Sie uns preisgeben m\u00f6chten. Wir weisen Sie aber darauf hin, dass wir durch Ihren Besuch auf unserer Website und Ihre Lekt\u00fcre der Newsletter automatisch in den Besitz von Informationen gelangen, die es uns erm\u00f6glichen, zu eruieren, wie die Besucher unsere Website und Newsletter nutzen und welche Informationen und Angebote besonderes Interesse finden. Wenn Sie sich pers\u00f6nlich registrieren oder \u00fcber unsere Website Reservationen t\u00e4tigen oder Informationsmaterial oder andere Leistungen anfordern, ben\u00f6tigen wir von Ihnen pers\u00f6nliche Informationen wie z.B. Ihren Namen und Ihre Adresse. Soweit solche Leistungen von Dritten erbracht werden, werden wir Ihre Daten an die betreffenden Dienstleistungstr\u00e4ger weiterleiten, wozu Sie uns mit der Angabe Ihrer Daten automatisch erm\u00e4chtigen. Ansonsten werden wir Ihre pers\u00f6nlichen Daten vertraulich behandeln und nur in anonymisierter Form selbst bearbeiten oder an Dritte weitergeben. Solche Dritte k\u00f6nnen sich auch im Ausland befinden. Die Datenbearbeitung durch uns oder Dritte erfolgt \u2013 ausgenommen zur Erbringung von Ihnen angeforderten Leistungen \u2013 ausschliesslich zum Zwecke der individuellen Information unserer Kunden, ausgerichtet auf deren Interessen und Bed\u00fcrfnisse sowie zu statistischen und Marketingzwecken f\u00fcr uns selbst und f\u00fcr die touristischen Leistungserbringer in der Schweiz. Die Datenbearbeitung soll uns erm\u00f6glichen, unsere Website und unser eigenes Leistungsangebot auf die Bed\u00fcrfnisse der Benutzer auszurichten. Die Datenbearbeitung erfolgt aber auch und insbesondere zur Marktanalyse und um das Interesse am vielseitigen touristischen Leistungsangebot der Schweiz zu ermitteln und so R\u00fcckschl\u00fcsse f\u00fcr die bed\u00fcrfnisgerechte Gestaltung dieses touristischen Leistungsangebotes zu gewinnen und in die schweizerischen Tourismusbetriebe einfliessen zu lassen. Eine andere Verwendung Ihrer pers\u00f6nlichen Angaben, insbesondere deren Verkauf an Dritte, wird ausdr\u00fccklich ausgeschlossen. Als registrierter Kunde k\u00f6nnen Sie sich bei uns \u00fcber den Inhalt Ihrer Kundendaten informieren.<\/p>\n<h3>Piwik Analytics<\/h3>\n<p>Diese Website benutzt Piwik zur Analyse der Benutzung der Website. Dabei werden im Gegensatz zu Google Analytics keine Daten an Dritte oder in die USA \u00fcbertragen. Wir erfassen die Benutzungs-Informationen, um Ihre Nutzung der Website auszuwerten, um Reports \u00fcber die Websiteaktivit\u00e4ten zusammenzustellen und um weitere mit der Websitenutzung und der Internetnutzung verbundene Dienstleistungen zu erbringen. Durch die Nutzung dieser Website erkl\u00e4ren Sie sich mit der Bearbeitung der \u00fcber Sie erhobenen Daten durch uns zu dem zuvor benannten Zweck einverstanden. Sie k\u00f6nnen die Installation der Cookies durch eine entsprechende Einstellung Ihrer Browser Software verhindern; wir weisen Sie jedoch darauf hin, dass Sie in diesem Fall gegebenenfalls nicht s\u00e4mtliche Funktionen dieser Website voll umf\u00e4nglich nutzen k\u00f6nnen.<\/p>\n<h3>Cookies<\/h3>\n<p>Cookies sind kleine Datenelemente, die eine Website an Ihren Browser senden kann, um Sie bei datenbankgest\u00fctzten Systemen besser zu unterst\u00fctzen. Sie haben jedoch die M\u00f6glichkeit, Ihren Browser so einzustellen, dass er Sie davon in Kenntnis setzt, wenn Sie ein Cookie erhalten oder diese automatisch ablehnt. Somit k\u00f6nnen Sie selbst entscheiden, ob Sie das akzeptieren wollen oder nicht.<\/p>\n<h3>\u00dcbermittlung von E-Newsletter und E-Mail<\/h3>\n<p>Alpines Sportzentrum M\u00fcrren AG verschickt Info-Newsletter mit weiteren Informationen z.B. \u00fcber aktualisierte Websites oder spezielle Angebote per E-Mail. F\u00fcr den Fall, dass Sie sich f\u00fcr diesen Dienst registrieren lassen, weisen wir Sie darauf hin, dass die \u00dcbermittlung von E-Mails generell unverschl\u00fcsselt erfolgt und unter anderem das Risiko beinhaltet, dass solche Daten durch Drittpersonen abgefangen und eingesehen werden k\u00f6nnen.<\/p>\n<h3>Aussteigeverfahren (Opt Out Policy)<\/h3>\n<p>Die Abmeldung des sportzentrum-muerren.ch Newsletter ist jederzeit m\u00f6glich. Jeder Newsletter enth\u00e4lt einen Direktlink, welcher die Abmeldung einfach und automatisch vornimmt.<\/p>\n<h3>Allgemein<\/h3>\n<p>Diese Seite wurde letztmals ge\u00e4ndert im M\u00e4rz 2013. Wenn Sie Fragen oder Kommentare zu unseren rechtlichen Hinweisen oder zum Datenschutz haben, nehmen Sie bitte mit uns Kontakt auf.<\/p>","protected":false},"excerpt":{"rendered":"<p>Alpines Sportzentrum M\u00fcrren AG im Sportzentrum CH-3825 M\u00fcrren Telefon: +41 33 856 86 86 Fax: +41 33 856 86 96 E-Mail: info@sportzentrum-muerren.ch Eintrag im Handelsregister Firmennummer: CH-092.3.000.179-5 Haftungsauschluss \/ Datenschutzerkl\u00e4rung Wichtige rechtliche Hinweise Bitte lesen Sie die nachfolgenden Bedingungen aufmerksam durch, bevor Sie fortfahren. Personen, welche die Website sportzentrum-muerren.ch von Alpines Sportzentrum M\u00fcrren AG abrufen, &hellip; <\/p>\n<p class=\"link-more\"><a href=\"http:\/\/www.sportzentrum-muerren.ch\/en\/impressum\/\" class=\"more-link\">Read more<span class=\"screen-reader-text\"> &#8222;Impressum&#8220;<\/span><\/a><\/p>","protected":false},"author":1,"featured_media":0,"parent":0,"menu_order":100,"comment_status":"closed","ping_status":"closed","template":"","meta":{"inspiro_hide_title":false,"footnotes":""},"class_list":["post-994","page","type-page","status-publish","hentry"],"_links":{"self":[{"href":"http:\/\/www.sportzentrum-muerren.ch\/en\/wp-json\/wp\/v2\/pages\/994","targetHints":{"allow":["GET"]}}],"collection":[{"href":"http:\/\/www.sportzentrum-muerren.ch\/en\/wp-json\/wp\/v2\/pages"}],"about":[{"href":"http:\/\/www.sportzentrum-muerren.ch\/en\/wp-json\/wp\/v2\/types\/page"}],"author":[{"embeddable":true,"href":"http:\/\/www.sportzentrum-muerren.ch\/en\/wp-json\/wp\/v2\/users\/1"}],"replies":[{"embeddable":true,"href":"http:\/\/www.sportzentrum-muerren.ch\/en\/wp-json\/wp\/v2\/comments?post=994"}],"version-history":[{"count":3,"href":"http:\/\/www.sportzentrum-muerren.ch\/en\/wp-json\/wp\/v2\/pages\/994\/revisions"}],"predecessor-version":[{"id":32920,"href":"http:\/\/www.sportzentrum-muerren.ch\/en\/wp-json\/wp\/v2\/pages\/994\/revisions\/32920"}],"wp:attachment":[{"href":"http:\/\/www.sportzentrum-muerren.ch\/en\/wp-json\/wp\/v2\/media?parent=994"}],"curies":[{"name":"wp","href":"https:\/\/api.w.org\/{rel}","templated":true}]}}