{"id":9337,"date":"2013-10-25T08:42:45","date_gmt":"2013-10-25T07:42:45","guid":{"rendered":"http:\/\/www.sportzentrum-muerren.ch\/?page_id=9337"},"modified":"2026-03-09T09:10:26","modified_gmt":"2026-03-09T08:10:26","slug":"eisbahn-2","status":"publish","type":"page","link":"http:\/\/www.sportzentrum-muerren.ch\/en\/eisbahn-2\/","title":{"rendered":"Ice Rink"},"content":{"rendered":"<h2><strong>Treffpunkt abseits der Piste<\/strong><\/h2>\n<p>The ice rink at the Alpine Sports Center is prepared from December to March and is available to ice skaters, field hockey players and curling enthusiasts.<\/p>\n<figure itemscope itemtype=\"https:\/\/schema.org\/ImageObject\">\n\t\t\t\t<img decoding=\"async\" src=\"https:\/\/www.sportzentrum-muerren.ch\/wp-content\/uploads\/IMG_7002-scaled.jpg\" alt=\"IMG_7002\" height=\"1707\" width=\"2560\" title=\"IMG_7002\" onerror=\"this.style.display='none'\" loading=\"lazy\" \/>\n\t<\/figure>\n<figure itemscope itemtype=\"https:\/\/schema.org\/ImageObject\">\n\t\t\t\t<img decoding=\"async\" src=\"https:\/\/www.sportzentrum-muerren.ch\/wp-content\/uploads\/DSCF5621-2.jpg\" alt=\"DSCF5621-2\" height=\"1707\" width=\"2560\" title=\"DSCF5621-2\" onerror=\"this.style.display='none'\" loading=\"lazy\" \/>\n\t<\/figure>\n<figure itemscope itemtype=\"https:\/\/schema.org\/ImageObject\">\n\t\t\t\t<img decoding=\"async\" src=\"https:\/\/www.sportzentrum-muerren.ch\/wp-content\/uploads\/IMG_7004-1-scaled.jpg\" alt=\"IMG_7004\" height=\"1707\" width=\"2560\" title=\"IMG_7004\" onerror=\"this.style.display='none'\" loading=\"lazy\" \/>\n\t<\/figure>\n\t<h3><strong>Ice skating lessons<br \/>\n<\/strong><\/h3>\n<p>Entdecke die Magie des Eislaufens mit Lina Hauer.<\/p>\nPerfektioniere deine bereits gelernten F\u00e4higkeiten oder lerne von Grund auf. Erlebe den Spass auf dem Eis mit einer Expertin. Sichere dir jetzt deinen Platz und mach dich bereit f\u00fcr ein eiskaltes Abenteuer<br \/>\nvoller Freude und K\u00f6nnen.\u00a0\n<figure itemscope itemtype=\"https:\/\/schema.org\/ImageObject\">\n\t\t\t\t<img decoding=\"async\" src=\"https:\/\/www.sportzentrum-muerren.ch\/wp-content\/uploads\/DSCF5573.jpg\" alt=\"DSCF5573\" height=\"1707\" width=\"2560\" title=\"DSCF5573\" onerror=\"this.style.display='none'\" loading=\"lazy\" \/>\n\t<\/figure>\n<h3><strong>Reservations<\/strong><\/h3>\n<p>Registration up to 1 day before the clas<\/p>\nM\u00fcrren Tourismus \u00a0<br \/>\n<a href=\"mailto:info@muerren.swiss\">info@muerren.swiss<\/a><br \/>\n+41 33 856 86 86\n<strong>Price:<\/strong><br \/>\n1 hour CHF 70.00<br \/>\n\u00bd hour CHF 35.00\n\t\t\t<a href=\"https:\/\/shop.e-guma.ch\/sportzentrum-muerren\/de\/tickets\/eislaufunterricht-3103496\"  target=\"_self\">\n\t\t\t\t\t\t\tBook\n\t\t\t\t\t<\/a>","protected":false},"excerpt":{"rendered":"<p>Treffpunkt abseits der Piste Von Dezember bis M\u00e4rz wird beim Alpinen Sportzentrum das Eisfeld pr\u00e4pariert, welches Eisl\u00e4ufern, Hockeyspielern und Curling-Begeisterten zur Verf\u00fcgung steht. Eislaufunterricht Entdecke die Magie des Eislaufens mit Lina Hauer. Perfektioniere deine bereits gelernten F\u00e4higkeiten oder lerne von Grund auf. Erlebe den Spass auf dem Eis mit einer Expertin. Sichere dir jetzt deinen &hellip; <\/p>\n<p class=\"link-more\"><a href=\"http:\/\/www.sportzentrum-muerren.ch\/en\/eisbahn-2\/\" class=\"more-link\">Read more<span class=\"screen-reader-text\"> &#8222;Eisbahn&#8220;<\/span><\/a><\/p>","protected":false},"author":1,"featured_media":34351,"parent":0,"menu_order":11,"comment_status":"closed","ping_status":"closed","template":"","meta":{"inspiro_hide_title":false,"footnotes":""},"class_list":["post-9337","page","type-page","status-publish","has-post-thumbnail","hentry"],"_links":{"self":[{"href":"http:\/\/www.sportzentrum-muerren.ch\/en\/wp-json\/wp\/v2\/pages\/9337","targetHints":{"allow":["GET"]}}],"collection":[{"href":"http:\/\/www.sportzentrum-muerren.ch\/en\/wp-json\/wp\/v2\/pages"}],"about":[{"href":"http:\/\/www.sportzentrum-muerren.ch\/en\/wp-json\/wp\/v2\/types\/page"}],"author":[{"embeddable":true,"href":"http:\/\/www.sportzentrum-muerren.ch\/en\/wp-json\/wp\/v2\/users\/1"}],"replies":[{"embeddable":true,"href":"http:\/\/www.sportzentrum-muerren.ch\/en\/wp-json\/wp\/v2\/comments?post=9337"}],"version-history":[{"count":11,"href":"http:\/\/www.sportzentrum-muerren.ch\/en\/wp-json\/wp\/v2\/pages\/9337\/revisions"}],"predecessor-version":[{"id":34530,"href":"http:\/\/www.sportzentrum-muerren.ch\/en\/wp-json\/wp\/v2\/pages\/9337\/revisions\/34530"}],"wp:featuredmedia":[{"embeddable":true,"href":"http:\/\/www.sportzentrum-muerren.ch\/en\/wp-json\/wp\/v2\/media\/34351"}],"wp:attachment":[{"href":"http:\/\/www.sportzentrum-muerren.ch\/en\/wp-json\/wp\/v2\/media?parent=9337"}],"curies":[{"name":"wp","href":"https:\/\/api.w.org\/{rel}","templated":true}]}}