{"id":55,"date":"2013-03-20T17:35:54","date_gmt":"2013-03-20T16:35:54","guid":{"rendered":"http:\/\/sportzentrum-muerren.ch\/?page_id=55"},"modified":"2026-01-13T16:07:44","modified_gmt":"2026-01-13T15:07:44","slug":"sitzungsraum","status":"publish","type":"page","link":"http:\/\/www.sportzentrum-muerren.ch\/en\/angebot\/sitzungsraum\/","title":{"rendered":"Meeting room"},"content":{"rendered":"<p>Do you need a room where you can meet clients or hold presentations?<\/p>\n<p>Our meeting room<strong>\u00a0<\/strong>offers space for 20 people. A projector and screen can be installed on request and are included in the room hire. Internet access is available and can be used.<\/p>\n<strong>Price<\/strong><br \/>\nUp to 2 hours: CHF 20.00<br \/>\nUp to 4 hours: CHF 50.00<br \/>\n4 hours and more: CHF 100.00","protected":false},"excerpt":{"rendered":"<p>Ben\u00f6tigen Sie einen Raum, wo Sie Kunden treffen oder Pr\u00e4sentationen abhalten k\u00f6nnen? Unser\u00a0Sitzungszimmer\u00a0bietet Platz f\u00fcr 20 Personen. Ein Beamer mit Leinwand werden auf Wunsch installiert und sind in der Raummiete inbegriffen. Internet-Zugang ist vorhanden und kann genutzt werden. Preise f\u00fcr die Raumben\u00fctzung Bis 2 Stunden: CHF 20.00 Bis 4 Stunden: CHF 50.00 Ab 4 Stunden: &hellip; <\/p>\n<p class=\"link-more\"><a href=\"http:\/\/www.sportzentrum-muerren.ch\/en\/angebot\/sitzungsraum\/\" class=\"more-link\">Read more<span class=\"screen-reader-text\"> &#8222;Sitzungsraum&#8220;<\/span><\/a><\/p>","protected":false},"author":1,"featured_media":34460,"parent":185,"menu_order":13,"comment_status":"closed","ping_status":"closed","template":"","meta":{"inspiro_hide_title":false,"footnotes":""},"class_list":["post-55","page","type-page","status-publish","has-post-thumbnail","hentry"],"_links":{"self":[{"href":"http:\/\/www.sportzentrum-muerren.ch\/en\/wp-json\/wp\/v2\/pages\/55","targetHints":{"allow":["GET"]}}],"collection":[{"href":"http:\/\/www.sportzentrum-muerren.ch\/en\/wp-json\/wp\/v2\/pages"}],"about":[{"href":"http:\/\/www.sportzentrum-muerren.ch\/en\/wp-json\/wp\/v2\/types\/page"}],"author":[{"embeddable":true,"href":"http:\/\/www.sportzentrum-muerren.ch\/en\/wp-json\/wp\/v2\/users\/1"}],"replies":[{"embeddable":true,"href":"http:\/\/www.sportzentrum-muerren.ch\/en\/wp-json\/wp\/v2\/comments?post=55"}],"version-history":[{"count":10,"href":"http:\/\/www.sportzentrum-muerren.ch\/en\/wp-json\/wp\/v2\/pages\/55\/revisions"}],"predecessor-version":[{"id":34476,"href":"http:\/\/www.sportzentrum-muerren.ch\/en\/wp-json\/wp\/v2\/pages\/55\/revisions\/34476"}],"up":[{"embeddable":true,"href":"http:\/\/www.sportzentrum-muerren.ch\/en\/wp-json\/wp\/v2\/pages\/185"}],"wp:featuredmedia":[{"embeddable":true,"href":"http:\/\/www.sportzentrum-muerren.ch\/en\/wp-json\/wp\/v2\/media\/34460"}],"wp:attachment":[{"href":"http:\/\/www.sportzentrum-muerren.ch\/en\/wp-json\/wp\/v2\/media?parent=55"}],"curies":[{"name":"wp","href":"https:\/\/api.w.org\/{rel}","templated":true}]}}