{"id":49,"date":"2013-03-20T17:26:04","date_gmt":"2013-03-20T16:26:04","guid":{"rendered":"http:\/\/sportzentrum-muerren.ch\/?page_id=49"},"modified":"2026-01-13T16:06:10","modified_gmt":"2026-01-13T15:06:10","slug":"fitness","status":"publish","type":"page","link":"http:\/\/www.sportzentrum-muerren.ch\/en\/angebot\/fitness\/","title":{"rendered":"Gym"},"content":{"rendered":"<p>Would you like to increase your performance or work on your muscle strength? In our fitness room we offer you modern equipment for sweat-inducing hours. Access is permitted from the age of 16.<\/p>\n<p><strong>Gym offer<\/strong><\/p>\n<ul>\n<li>2 Bikes<\/li>\n<li>1 Spinning Bike<\/li>\n<li>2 treadmills<\/li>\n<li>2 Stepper<\/li>\n<li>Rowing machine<\/li>\n<li>Skimachine<\/li>\n<li>Weight bench<\/li>\n<li>Dumbbells<\/li>\n<li>Leg Extension \/ Leg Curl<\/li>\n<li>Chest press<\/li>\n<li>Leg press<\/li>\n<li>Etc.<\/li>\n<\/ul>\n\t\t\t\t<img decoding=\"async\" src=\"https:\/\/www.sportzentrum-muerren.ch\/wp-content\/uploads\/Fitness_1.png\" alt=\"Fitness_1\" itemprop=\"image\"\/>\n\t\t\t\t<img decoding=\"async\" src=\"https:\/\/www.sportzentrum-muerren.ch\/wp-content\/uploads\/Fitness_2.png\" alt=\"Fitness_2\" itemprop=\"image\"\/>\n\t\t\t\t<img decoding=\"async\" src=\"https:\/\/www.sportzentrum-muerren.ch\/wp-content\/uploads\/Fitness_3.png\" alt=\"Fitness_3\" itemprop=\"image\"\/>","protected":false},"excerpt":{"rendered":"<p>Sie m\u00f6chten Ihre Leistungsf\u00e4higkeit steigern oder an Ihrer Muskelkraft arbeiten? In unserem Fitnessraum bieten wir Ihnen moderne Ger\u00e4te f\u00fcr schweisstreibende Stunden an. Der Zutritt ist ab 16 Jahren erlaubt. Angebot Fitness 2 Bikes 1 Spinning Bike 2 Laufb\u00e4nder 2 Stepper Ruderger\u00e4t Skimachine Hantelbank Handhanteln Leg Extension \/ Leg Curl Brustpresse Beinpresse Etc.<\/p>","protected":false},"author":1,"featured_media":33528,"parent":185,"menu_order":8,"comment_status":"closed","ping_status":"closed","template":"","meta":{"inspiro_hide_title":false,"footnotes":""},"class_list":["post-49","page","type-page","status-publish","has-post-thumbnail","hentry"],"_links":{"self":[{"href":"http:\/\/www.sportzentrum-muerren.ch\/en\/wp-json\/wp\/v2\/pages\/49","targetHints":{"allow":["GET"]}}],"collection":[{"href":"http:\/\/www.sportzentrum-muerren.ch\/en\/wp-json\/wp\/v2\/pages"}],"about":[{"href":"http:\/\/www.sportzentrum-muerren.ch\/en\/wp-json\/wp\/v2\/types\/page"}],"author":[{"embeddable":true,"href":"http:\/\/www.sportzentrum-muerren.ch\/en\/wp-json\/wp\/v2\/users\/1"}],"replies":[{"embeddable":true,"href":"http:\/\/www.sportzentrum-muerren.ch\/en\/wp-json\/wp\/v2\/comments?post=49"}],"version-history":[{"count":11,"href":"http:\/\/www.sportzentrum-muerren.ch\/en\/wp-json\/wp\/v2\/pages\/49\/revisions"}],"predecessor-version":[{"id":34473,"href":"http:\/\/www.sportzentrum-muerren.ch\/en\/wp-json\/wp\/v2\/pages\/49\/revisions\/34473"}],"up":[{"embeddable":true,"href":"http:\/\/www.sportzentrum-muerren.ch\/en\/wp-json\/wp\/v2\/pages\/185"}],"wp:featuredmedia":[{"embeddable":true,"href":"http:\/\/www.sportzentrum-muerren.ch\/en\/wp-json\/wp\/v2\/media\/33528"}],"wp:attachment":[{"href":"http:\/\/www.sportzentrum-muerren.ch\/en\/wp-json\/wp\/v2\/media?parent=49"}],"curies":[{"name":"wp","href":"https:\/\/api.w.org\/{rel}","templated":true}]}}