{"id":43,"date":"2013-03-20T17:20:47","date_gmt":"2013-03-20T16:20:47","guid":{"rendered":"http:\/\/sportzentrum-muerren.ch\/?page_id=43"},"modified":"2026-01-13T16:05:53","modified_gmt":"2026-01-13T15:05:53","slug":"sporthalle","status":"publish","type":"page","link":"http:\/\/www.sportzentrum-muerren.ch\/en\/angebot\/sporthalle\/","title":{"rendered":"Sports hall"},"content":{"rendered":"<p>Ob f\u00fcr Schulklassen, Sportclubs oder Vereine: Die Dreifachsporthalle mit den Massen 46\u00d727 Metern bietet die perfekte Plattform f\u00fcr Unihockey, Handball, Volleyball, Basketball, Badminton, Tischtennis und Kampfsportarten und erm\u00f6glicht sportliche H\u00f6chstleistungen in alpiner H\u00f6he. Die Sporthalle kann unterteilt werden und bietet so gleichzeitig Platz f\u00fcr drei verschiedene Gruppen. Die Sporthalle verf\u00fcgt \u00fcber eine Musikanlage im 2\/3 Halle Teil, vier Garderoben, eine Trainergarderobe und sanit\u00e4re Anlagen. Alle Sportger\u00e4te im Ger\u00e4teraum stehen den Gruppen zur Verf\u00fcgung.<\/p>\n\t<p>Are you planning an event? Our sports hall is also perfect for various events or meetings. The hall equipment with stage, seating and music system etc. can be provided by the team on request. Contact us for a quote.<\/p>\n<p>Here you will find our <a href=\"https:\/\/www.sportzentrum-muerren.ch\/wp-content\/uploads\/MUE_Uebersicht-Sportgeraete_ASZ.pdf\">Hall and material list<\/a><\/p>\n\t\t\t\t<img decoding=\"async\" src=\"https:\/\/www.sportzentrum-muerren.ch\/wp-content\/uploads\/Halle-mit-Karate-6-1-scaled.jpg\" alt=\"Halle mit Karate 6\" itemprop=\"image\" height=\"1920\" width=\"2560\" title=\"Halle mit Karate 6\" onerror=\"this.style.display='none'\" loading=\"lazy\" \/>\n\t\t\t\t<img decoding=\"async\" src=\"https:\/\/www.sportzentrum-muerren.ch\/wp-content\/uploads\/IMG_6088-scaled.jpg\" alt=\"IMG_6088\" itemprop=\"image\" height=\"1707\" width=\"2560\" title=\"IMG_6088\" onerror=\"this.style.display='none'\" loading=\"lazy\" \/>\n\t\t\t\t<img decoding=\"async\" src=\"https:\/\/www.sportzentrum-muerren.ch\/wp-content\/uploads\/Halle-mit-Karate-1.jpg\" alt=\"OLYMPUS DIGITAL CAMERA\" itemprop=\"image\" height=\"1536\" width=\"2048\" title=\"OLYMPUS DIGITAL CAMERA\" onerror=\"this.style.display='none'\" loading=\"lazy\" \/>","protected":false},"excerpt":{"rendered":"<p>Ob f\u00fcr Schulklassen, Sportclubs oder Vereine: Die Dreifachsporthalle mit den Massen 46\u00d727 Metern bietet die perfekte Plattform f\u00fcr Unihockey, Handball, Volleyball, Basketball, Badminton, Tischtennis und Kampfsportarten und erm\u00f6glicht sportliche H\u00f6chstleistungen in alpiner H\u00f6he. Die Sporthalle kann unterteilt werden und bietet so gleichzeitig Platz f\u00fcr drei verschiedene Gruppen. Die Sporthalle verf\u00fcgt \u00fcber eine Musikanlage im 2\/3 &hellip; <\/p>\n<p class=\"link-more\"><a href=\"http:\/\/www.sportzentrum-muerren.ch\/en\/angebot\/sporthalle\/\" class=\"more-link\">Read more<span class=\"screen-reader-text\"> &#8222;Sporthalle&#8220;<\/span><\/a><\/p>","protected":false},"author":1,"featured_media":34268,"parent":185,"menu_order":9,"comment_status":"closed","ping_status":"closed","template":"","meta":{"inspiro_hide_title":false,"footnotes":""},"class_list":["post-43","page","type-page","status-publish","has-post-thumbnail","hentry"],"_links":{"self":[{"href":"http:\/\/www.sportzentrum-muerren.ch\/en\/wp-json\/wp\/v2\/pages\/43","targetHints":{"allow":["GET"]}}],"collection":[{"href":"http:\/\/www.sportzentrum-muerren.ch\/en\/wp-json\/wp\/v2\/pages"}],"about":[{"href":"http:\/\/www.sportzentrum-muerren.ch\/en\/wp-json\/wp\/v2\/types\/page"}],"author":[{"embeddable":true,"href":"http:\/\/www.sportzentrum-muerren.ch\/en\/wp-json\/wp\/v2\/users\/1"}],"replies":[{"embeddable":true,"href":"http:\/\/www.sportzentrum-muerren.ch\/en\/wp-json\/wp\/v2\/comments?post=43"}],"version-history":[{"count":11,"href":"http:\/\/www.sportzentrum-muerren.ch\/en\/wp-json\/wp\/v2\/pages\/43\/revisions"}],"predecessor-version":[{"id":34472,"href":"http:\/\/www.sportzentrum-muerren.ch\/en\/wp-json\/wp\/v2\/pages\/43\/revisions\/34472"}],"up":[{"embeddable":true,"href":"http:\/\/www.sportzentrum-muerren.ch\/en\/wp-json\/wp\/v2\/pages\/185"}],"wp:featuredmedia":[{"embeddable":true,"href":"http:\/\/www.sportzentrum-muerren.ch\/en\/wp-json\/wp\/v2\/media\/34268"}],"wp:attachment":[{"href":"http:\/\/www.sportzentrum-muerren.ch\/en\/wp-json\/wp\/v2\/media?parent=43"}],"curies":[{"name":"wp","href":"https:\/\/api.w.org\/{rel}","templated":true}]}}