{"id":32888,"date":"2023-03-03T12:37:21","date_gmt":"2023-03-03T11:37:21","guid":{"rendered":"https:\/\/www.sportzentrum-muerren.ch\/?page_id=32888"},"modified":"2026-04-17T10:29:31","modified_gmt":"2026-04-17T09:29:31","slug":"geschaeftsbericht","status":"publish","type":"page","link":"http:\/\/www.sportzentrum-muerren.ch\/en\/kontakt-2\/geschaeftsbericht\/","title":{"rendered":"Businessreport"},"content":{"rendered":"<p><strong>Gesch\u00e4ftsberichte Alpines Sportzentrum M\u00fcrren<\/strong><\/p>\n\t<p><a href=\"https:\/\/www.sportzentrum-muerren.ch\/wp-content\/uploads\/B-R_2512_0004_Geschaeftsbericht_ASZ_WEB.pdf\">Gesch\u00e4ftsbericht 2025<\/a><\/p>\n<p><a href=\"https:\/\/www.sportzentrum-muerren.ch\/wp-content\/uploads\/B-R_2502_0003_Geschaeftsbericht_ASZ_WEB.pdf\">Gesch\u00e4ftsbericht 2024<\/a><\/p>\n<p><a href=\"https:\/\/www.sportzentrum-muerren.ch\/wp-content\/uploads\/Geschaeftsbericht_ASZ_2023.pdf\" target=\"_blank\" rel=\"noopener\">Gesch\u00e4ftsbericht 2023<\/a><\/p>\n<p><a href=\"https:\/\/bro.jrtag.ch\/Mue\/ASZ\/Geschaeftsbericht\/22\/mobile\/index.html\" target=\"_blank\" rel=\"noopener\">Gesch\u00e4ftsbericht 2022<\/a><\/p>","protected":false},"excerpt":{"rendered":"<p>Gesch\u00e4ftsberichte Alpines Sportzentrum M\u00fcrren Gesch\u00e4ftsbericht 2025 Gesch\u00e4ftsbericht 2024 Gesch\u00e4ftsbericht 2023 Gesch\u00e4ftsbericht 2022<\/p>","protected":false},"author":6,"featured_media":34553,"parent":153,"menu_order":18,"comment_status":"closed","ping_status":"closed","template":"","meta":{"inspiro_hide_title":false,"footnotes":""},"class_list":["post-32888","page","type-page","status-publish","has-post-thumbnail","hentry"],"_links":{"self":[{"href":"http:\/\/www.sportzentrum-muerren.ch\/en\/wp-json\/wp\/v2\/pages\/32888","targetHints":{"allow":["GET"]}}],"collection":[{"href":"http:\/\/www.sportzentrum-muerren.ch\/en\/wp-json\/wp\/v2\/pages"}],"about":[{"href":"http:\/\/www.sportzentrum-muerren.ch\/en\/wp-json\/wp\/v2\/types\/page"}],"author":[{"embeddable":true,"href":"http:\/\/www.sportzentrum-muerren.ch\/en\/wp-json\/wp\/v2\/users\/6"}],"replies":[{"embeddable":true,"href":"http:\/\/www.sportzentrum-muerren.ch\/en\/wp-json\/wp\/v2\/comments?post=32888"}],"version-history":[{"count":11,"href":"http:\/\/www.sportzentrum-muerren.ch\/en\/wp-json\/wp\/v2\/pages\/32888\/revisions"}],"predecessor-version":[{"id":34534,"href":"http:\/\/www.sportzentrum-muerren.ch\/en\/wp-json\/wp\/v2\/pages\/32888\/revisions\/34534"}],"up":[{"embeddable":true,"href":"http:\/\/www.sportzentrum-muerren.ch\/en\/wp-json\/wp\/v2\/pages\/153"}],"wp:featuredmedia":[{"embeddable":true,"href":"http:\/\/www.sportzentrum-muerren.ch\/en\/wp-json\/wp\/v2\/media\/34553"}],"wp:attachment":[{"href":"http:\/\/www.sportzentrum-muerren.ch\/en\/wp-json\/wp\/v2\/media?parent=32888"}],"curies":[{"name":"wp","href":"https:\/\/api.w.org\/{rel}","templated":true}]}}