{"id":31920,"date":"2021-07-05T17:38:29","date_gmt":"2021-07-05T16:38:29","guid":{"rendered":"https:\/\/www.sportzentrum-muerren.ch\/?page_id=31920"},"modified":"2026-01-13T16:20:27","modified_gmt":"2026-01-13T15:20:27","slug":"satpremo","status":"publish","type":"page","link":"http:\/\/www.sportzentrum-muerren.ch\/en\/satpremo\/","title":{"rendered":"Satpremo"},"content":{"rendered":"<img decoding=\"async\" src=\"https:\/\/www.sportzentrum-muerren.ch\/wp-content\/uploads\/WhatsApp-Image-2021-07-12-at-09.48.52-e1626265398732-240x300.jpeg\" alt=\"WhatsApp Image 2021-07-12 at 09.48.52\" itemprop=\"image\" height=\"300\" width=\"240\" title=\"WhatsApp Image 2021-07-12 at 09.48.52\" onerror=\"this.style.display='none'\" loading=\"lazy\" \/>\n\t<p>+41 76 409 13 10<\/p>\n\t<p><a href=\"https:\/\/www.massage-muerren.ch\/\">Webseite\u00a0<\/a><\/p>\n\t<p><a href=\"https:\/\/www.sportzentrum-muerren.ch\/wp-content\/uploads\/Flyer_Satpremo_24.pdf\">Brochure<\/a><\/p>\n\t<p><a href=\"https:\/\/www.terminland.de\/muerren\/?m=1606\">Reservation<\/a><\/p>\n\t<p>Satpremo has a wide range of training and many years of experience in classical massage, shiatsu, special back massage, sports massage, craniosacral therapy, as well as Ayurveda, rebalancing and foot reflexology. His practice is open daily in winter and summer.<\/p>\n<p>\u00a0<\/p>\n<p><em>\"My massages are very individual, tailored to each body type and the needs of the moment. I work from very gentle to extremely deep.\"<\/em><\/p>","protected":false},"excerpt":{"rendered":"<p>+41 76 409 13 10 Webseite\u00a0 Brosch\u00fcre Reservation Satpremo hat eine breitgef\u00e4cherte Ausbildung und langj\u00e4hrige Erfahrung in Klassischer Massage, Shiatsu, spezieller R\u00fcckenmassage, Sportmassage, Cranio Sacral Therapie, aber auch in Ayurveda, Rebalancing und Fussreflexzonen-Massage. Seine Praxis ist im Winter und im Sommer t\u00e4glich offen. \u00a0 \u00abMeine Massagen sind sehr individuell, auf den jeweiligen K\u00f6rpertyp und den &hellip; <\/p>\n<p class=\"link-more\"><a href=\"http:\/\/www.sportzentrum-muerren.ch\/en\/satpremo\/\" class=\"more-link\">Read more<span class=\"screen-reader-text\"> &#8222;Satpremo&#8220;<\/span><\/a><\/p>","protected":false},"author":6,"featured_media":34457,"parent":0,"menu_order":7,"comment_status":"closed","ping_status":"closed","template":"","meta":{"inspiro_hide_title":false,"footnotes":""},"class_list":["post-31920","page","type-page","status-publish","has-post-thumbnail","hentry"],"_links":{"self":[{"href":"http:\/\/www.sportzentrum-muerren.ch\/en\/wp-json\/wp\/v2\/pages\/31920","targetHints":{"allow":["GET"]}}],"collection":[{"href":"http:\/\/www.sportzentrum-muerren.ch\/en\/wp-json\/wp\/v2\/pages"}],"about":[{"href":"http:\/\/www.sportzentrum-muerren.ch\/en\/wp-json\/wp\/v2\/types\/page"}],"author":[{"embeddable":true,"href":"http:\/\/www.sportzentrum-muerren.ch\/en\/wp-json\/wp\/v2\/users\/6"}],"replies":[{"embeddable":true,"href":"http:\/\/www.sportzentrum-muerren.ch\/en\/wp-json\/wp\/v2\/comments?post=31920"}],"version-history":[{"count":11,"href":"http:\/\/www.sportzentrum-muerren.ch\/en\/wp-json\/wp\/v2\/pages\/31920\/revisions"}],"predecessor-version":[{"id":34487,"href":"http:\/\/www.sportzentrum-muerren.ch\/en\/wp-json\/wp\/v2\/pages\/31920\/revisions\/34487"}],"wp:featuredmedia":[{"embeddable":true,"href":"http:\/\/www.sportzentrum-muerren.ch\/en\/wp-json\/wp\/v2\/media\/34457"}],"wp:attachment":[{"href":"http:\/\/www.sportzentrum-muerren.ch\/en\/wp-json\/wp\/v2\/media?parent=31920"}],"curies":[{"name":"wp","href":"https:\/\/api.w.org\/{rel}","templated":true}]}}