{"id":31,"date":"2013-03-20T16:50:47","date_gmt":"2013-03-20T15:50:47","guid":{"rendered":"http:\/\/sportzentrum-muerren.ch\/?page_id=31"},"modified":"2026-01-13T16:06:39","modified_gmt":"2026-01-13T15:06:39","slug":"massage-beauty","status":"publish","type":"page","link":"http:\/\/www.sportzentrum-muerren.ch\/en\/angebot\/massage-beauty\/","title":{"rendered":"Massage &#038; Beauty"},"content":{"rendered":"<p><strong>In good hands<\/strong><\/p>\n<p>Treat yourself to some time out and relax in the hands of our experienced therapists. They will take care of your well-being and offer various massage and beauty treatments.<\/p>\n\t\t\t\t<a href=\"https:\/\/www.sportzentrum-muerren.ch\/en\/satpremo\/\"  target=\"_self\" itemprop=\"url\">\n\t\t\t\t<img decoding=\"async\" src=\"https:\/\/www.sportzentrum-muerren.ch\/wp-content\/uploads\/WhatsApp-Image-2021-07-12-at-09.48.52-e1626265398732.jpeg\" alt=\"WhatsApp Image 2021-07-12 at 09.48.52\" itemprop=\"image\" height=\"1392\" width=\"1112\" title=\"WhatsApp Image 2021-07-12 at 09.48.52\" onerror=\"this.style.display='none'\" loading=\"lazy\" \/>\n\t\t\t\t<\/a>\n\t\t\t\t<a href=\"https:\/\/www.sportzentrum-muerren.ch\/en\/rita-4\/\"  target=\"_self\" itemprop=\"url\">\n\t\t\t\t<img decoding=\"async\" src=\"https:\/\/www.sportzentrum-muerren.ch\/wp-content\/uploads\/Rita-3.jpg\" alt=\"Rita\" itemprop=\"image\" height=\"710\" width=\"710\" title=\"Rita\" onerror=\"this.style.display='none'\" loading=\"lazy\" \/>\n\t\t\t\t<\/a>\n\t\t\t\t<a href=\"https:\/\/www.sportzentrum-muerren.ch\/en\/evi\/\"  target=\"_self\" itemprop=\"url\">\n\t\t\t\t<img decoding=\"async\" src=\"https:\/\/www.sportzentrum-muerren.ch\/wp-content\/uploads\/Portrait-Evi-1920x1280.jpg\" alt=\"<!--:de-->Portrait-Evi-1920x1280<!--:-->\" itemprop=\"image\" height=\"1920\" width=\"1280\" title=\"<!--:de-->Portrait-Evi-1920x1280<!--:-->\" onerror=\"this.style.display='none'\" loading=\"lazy\" \/>\n\t\t\t\t<\/a>\n\t\t\t\t<a href=\"https:\/\/www.sportzentrum-muerren.ch\/en\/jonathan-de-copy\/\"  target=\"_self\" itemprop=\"url\">\n\t\t\t\t<img decoding=\"async\" src=\"https:\/\/www.sportzentrum-muerren.ch\/wp-content\/uploads\/7074067-scaled.jpg\" alt=\"_7074067\" itemprop=\"image\" height=\"2560\" width=\"1920\" title=\"_7074067\" onerror=\"this.style.display='none'\" loading=\"lazy\" \/>\n\t\t\t\t<\/a>\n\t\t\t\t<a href=\"https:\/\/www.sportzentrum-muerren.ch\/en\/mathis-2\/\"  target=\"_self\" itemprop=\"url\">\n\t\t\t\t<img decoding=\"async\" src=\"https:\/\/www.sportzentrum-muerren.ch\/wp-content\/uploads\/2023_12_MathisMomme0644-scaled-3.jpg\" alt=\"2023_12_MathisMomme0644-scaled\" itemprop=\"image\" height=\"1707\" width=\"2560\" title=\"2023_12_MathisMomme0644-scaled\" onerror=\"this.style.display='none'\" loading=\"lazy\" \/>\n\t\t\t\t<\/a>\n\t\t\t\t<a href=\"https:\/\/www.sportzentrum-muerren.ch\/en\/petra\/\"  target=\"_self\" itemprop=\"url\">\n\t\t\t\t<img decoding=\"async\" src=\"https:\/\/www.sportzentrum-muerren.ch\/wp-content\/uploads\/Portrait-Petra-scaled.jpg\" alt=\"Portrait Petra\" itemprop=\"image\" height=\"2560\" width=\"1797\" title=\"Portrait Petra\" onerror=\"this.style.display='none'\" loading=\"lazy\" \/>\n\t\t\t\t<\/a>\n<h3>\n\t\t<a href=\"https:\/\/www.terminland.de\/muerren\/?m=1606\" title=\"Online Reservation\"  target=\"_blank\"  rel=\"noopener\">\n\t\t\tOnline Reservation\t\t<\/a>\n\t<\/h3>","protected":false},"excerpt":{"rendered":"<p>In guten H\u00e4nden G\u00f6nnen Sie sich eine Auszeit und entspannen Sie unter den H\u00e4nden unserer erfahrenen Therapeuten. Sie k\u00fcmmern sich um Ihr Wohlbefinden und bieten verschiedene Massage- und Beautyangebote an.<\/p>","protected":false},"author":1,"featured_media":34457,"parent":185,"menu_order":7,"comment_status":"closed","ping_status":"closed","template":"","meta":{"inspiro_hide_title":false,"footnotes":""},"class_list":["post-31","page","type-page","status-publish","has-post-thumbnail","hentry"],"_links":{"self":[{"href":"http:\/\/www.sportzentrum-muerren.ch\/en\/wp-json\/wp\/v2\/pages\/31","targetHints":{"allow":["GET"]}}],"collection":[{"href":"http:\/\/www.sportzentrum-muerren.ch\/en\/wp-json\/wp\/v2\/pages"}],"about":[{"href":"http:\/\/www.sportzentrum-muerren.ch\/en\/wp-json\/wp\/v2\/types\/page"}],"author":[{"embeddable":true,"href":"http:\/\/www.sportzentrum-muerren.ch\/en\/wp-json\/wp\/v2\/users\/1"}],"replies":[{"embeddable":true,"href":"http:\/\/www.sportzentrum-muerren.ch\/en\/wp-json\/wp\/v2\/comments?post=31"}],"version-history":[{"count":11,"href":"http:\/\/www.sportzentrum-muerren.ch\/en\/wp-json\/wp\/v2\/pages\/31\/revisions"}],"predecessor-version":[{"id":34474,"href":"http:\/\/www.sportzentrum-muerren.ch\/en\/wp-json\/wp\/v2\/pages\/31\/revisions\/34474"}],"up":[{"embeddable":true,"href":"http:\/\/www.sportzentrum-muerren.ch\/en\/wp-json\/wp\/v2\/pages\/185"}],"wp:featuredmedia":[{"embeddable":true,"href":"http:\/\/www.sportzentrum-muerren.ch\/en\/wp-json\/wp\/v2\/media\/34457"}],"wp:attachment":[{"href":"http:\/\/www.sportzentrum-muerren.ch\/en\/wp-json\/wp\/v2\/media?parent=31"}],"curies":[{"name":"wp","href":"https:\/\/api.w.org\/{rel}","templated":true}]}}