{"id":28574,"date":"2015-05-16T15:55:57","date_gmt":"2015-05-16T14:55:57","guid":{"rendered":"http:\/\/www.sportzentrum-muerren.ch\/?page_id=28574"},"modified":"2026-01-13T16:05:35","modified_gmt":"2026-01-13T15:05:35","slug":"aussenanlage-sommer","status":"publish","type":"page","link":"http:\/\/www.sportzentrum-muerren.ch\/en\/aussenanlage-sommer\/","title":{"rendered":"Outdoor area summer"},"content":{"rendered":"<p>In summer we have a varied outdoor facility. You can obtain the equipment from the Alpine Sports Center M\u00fcrren during opening hours. Skateboards, scooters and bikes for the pump track can be hired.<\/p>\n<p><strong>Offers<\/strong><\/p>\n<ul>\n<li>Football pitch<\/li>\n<li>Playground<\/li>\n<li>Pumptrack<\/li>\n<li>Outdoor chessboard<\/li>\n<li>Summer Curling<\/li>\n<\/ul>\n\t\t\t\t<img decoding=\"async\" src=\"https:\/\/www.sportzentrum-muerren.ch\/wp-content\/uploads\/DSC_2163.jpg\" alt=\"Pumptrack\" itemprop=\"image\"\/>\n\t\t\t\t<img decoding=\"async\" src=\"https:\/\/www.sportzentrum-muerren.ch\/wp-content\/uploads\/Spielplatz-RF14-2.jpg\" alt=\"????????????????????????????????????\" itemprop=\"image\"\/>\n\t\t\t\t<img decoding=\"async\" src=\"https:\/\/www.sportzentrum-muerren.ch\/wp-content\/uploads\/Alpines_Sportzentrum_Kunstrasenspielfeld-scaled.jpg\" alt=\"Alpines_Sportzentrum_Kunstrasenspielfeld\" itemprop=\"image\"\/>","protected":false},"excerpt":{"rendered":"<p>Im Sommer verf\u00fcgen wir \u00fcber eine abwechslungsreiche Aussenanlage. Das Material k\u00f6nnen Sie w\u00e4hrend den \u00d6ffnungszeiten im Alpinen Sportzentrum M\u00fcrren beziehen. Skateboard, Scooter oder Laufrad f\u00fcr den Pumptrack k\u00f6nnen gemietet werden. Angebot 5er Fussballfeld Spielplatz gleich vis-\u00e0-vis Pumptrack Aussen-Schachfeld Eisstockschiessen<\/p>","protected":false},"author":6,"featured_media":33833,"parent":0,"menu_order":10,"comment_status":"closed","ping_status":"closed","template":"","meta":{"inspiro_hide_title":false,"footnotes":""},"class_list":["post-28574","page","type-page","status-publish","has-post-thumbnail","hentry"],"_links":{"self":[{"href":"http:\/\/www.sportzentrum-muerren.ch\/en\/wp-json\/wp\/v2\/pages\/28574","targetHints":{"allow":["GET"]}}],"collection":[{"href":"http:\/\/www.sportzentrum-muerren.ch\/en\/wp-json\/wp\/v2\/pages"}],"about":[{"href":"http:\/\/www.sportzentrum-muerren.ch\/en\/wp-json\/wp\/v2\/types\/page"}],"author":[{"embeddable":true,"href":"http:\/\/www.sportzentrum-muerren.ch\/en\/wp-json\/wp\/v2\/users\/6"}],"replies":[{"embeddable":true,"href":"http:\/\/www.sportzentrum-muerren.ch\/en\/wp-json\/wp\/v2\/comments?post=28574"}],"version-history":[{"count":11,"href":"http:\/\/www.sportzentrum-muerren.ch\/en\/wp-json\/wp\/v2\/pages\/28574\/revisions"}],"predecessor-version":[{"id":34471,"href":"http:\/\/www.sportzentrum-muerren.ch\/en\/wp-json\/wp\/v2\/pages\/28574\/revisions\/34471"}],"wp:featuredmedia":[{"embeddable":true,"href":"http:\/\/www.sportzentrum-muerren.ch\/en\/wp-json\/wp\/v2\/media\/33833"}],"wp:attachment":[{"href":"http:\/\/www.sportzentrum-muerren.ch\/en\/wp-json\/wp\/v2\/media?parent=28574"}],"curies":[{"name":"wp","href":"https:\/\/api.w.org\/{rel}","templated":true}]}}