{"id":28311,"date":"2013-03-20T21:35:43","date_gmt":"2013-03-20T20:35:43","guid":{"rendered":"http:\/\/www.sportzentrum-muerren.ch\/kontakt-2\/"},"modified":"2013-03-20T21:35:43","modified_gmt":"2013-03-20T20:35:43","slug":"kontakt","status":"publish","type":"page","link":"http:\/\/www.sportzentrum-muerren.ch\/en\/kontakt\/","title":{"rendered":"Contact"},"content":{"rendered":"<p><strong>Alpines Sportzentrum M\u00fcrren AG<\/strong><br \/>\n<a title=\"Map\" href=\"http:\/\/map.search.ch\/muerren\/hehmatten?x=-3m&amp;y=-31m&amp;z=1024&amp;poi=all&amp;b=high\" target=\"_blank\">H\u00f6hematte<\/a><br \/>\n<a title=\"Map\" href=\"http:\/\/map.search.ch\/muerren\/hehmatten?x=-3m&amp;y=-31m&amp;z=1024&amp;poi=all&amp;b=high\" target=\"_blank\"> CH-3825 M\u00fcrren<\/a><br \/>\nTelefon: +41 33 856 86 86<br \/>\nFax: +41 33 856 86 96<br \/>\nE-Mail: <a href=\"mailto:info@sportzentrum-muerren.ch\">info@sportzentrum-muerren.ch<\/a><br \/>\n<script type=\"text\/javascript\" src=\"http:\/\/map.search.ch\/api\/map.js\"><\/script><script type=\"text\/javascript\">\/\/ <![CDATA[\nnew SearchChMap({center:\"muerren\/hehmatten\",type:\"aerial\",poigroups:\"all\"});\n\/\/ ]]><\/script><\/p>\n<div id=\"mapcontainer\" style=\"width: 360px; height: 240px; border: 1px solid #888;\"><noscript><\/p>\n<div>\n<a target=\"_top\" href=\"http:\/\/map.search.ch\/muerren\/hehmatten?z=256&#038;poi=all&#038;b=high\"><br \/>\n<img decoding=\"async\" src=\"http:\/\/map.search.ch\/chmap.de.jpg?layer=bg,fg,copy,ruler,draw&#038;zd=2&#038;x=0m&#038;y=0m&#038;w=360&#038;h=240&#038;poi=all&#038;d=street-d8674814df242004&#038;base=3825+M%C3%BCrren%2FHehmatten\" style=\"border:0\" id=\"mapimg\" alt=\"Hehmatten, M\u00fcrren\" \/><\/a><\/div>\n<p><\/noscript><\/div>\n\n<div class=\"wpcf7 no-js\" id=\"wpcf7-f175-o1\" lang=\"en-US\" dir=\"ltr\" data-wpcf7-id=\"175\">\n<div class=\"screen-reader-response\"><p role=\"status\" aria-live=\"polite\" aria-atomic=\"true\"><\/p> <ul><\/ul><\/div>\n<form action=\"\/en\/wp-json\/wp\/v2\/pages\/28311#wpcf7-f175-o1\" method=\"post\" class=\"wpcf7-form init\" aria-label=\"Contact form\" novalidate=\"novalidate\" data-status=\"init\">\n<fieldset class=\"hidden-fields-container\"><input type=\"hidden\" name=\"_wpcf7\" value=\"175\" \/><input type=\"hidden\" name=\"_wpcf7_version\" value=\"6.1.5\" \/><input type=\"hidden\" name=\"_wpcf7_locale\" value=\"en_US\" \/><input type=\"hidden\" name=\"_wpcf7_unit_tag\" value=\"wpcf7-f175-o1\" \/><input type=\"hidden\" name=\"_wpcf7_container_post\" value=\"0\" \/><input type=\"hidden\" name=\"_wpcf7_posted_data_hash\" value=\"\" \/>\n<\/fieldset>\n<div class=\"wpcf7-response-output\" aria-hidden=\"true\"><\/div>\n<p>Ihr Name (Pflichtfeld)\n<\/p>\n<p><span class=\"wpcf7-form-control-wrap\" data-name=\"your-name\"><input size=\"40\" maxlength=\"400\" class=\"wpcf7-form-control wpcf7-text wpcf7-validates-as-required\" aria-required=\"true\" aria-invalid=\"false\" value=\"\" type=\"text\" name=\"your-name\" \/><\/span>\n<\/p>\n<p>Ihre E-Mail-Adresse (Pflichtfeld)\n<\/p>\n<p><span class=\"wpcf7-form-control-wrap\" data-name=\"your-email\"><input size=\"40\" maxlength=\"400\" class=\"wpcf7-form-control wpcf7-email wpcf7-validates-as-required wpcf7-text wpcf7-validates-as-email\" aria-required=\"true\" aria-invalid=\"false\" value=\"\" type=\"email\" name=\"your-email\" \/><\/span>\n<\/p>\n<p>Betreff (Pflichtfeld)\n<\/p>\n<p><span class=\"wpcf7-form-control-wrap\" data-name=\"your-subject\"><input size=\"40\" maxlength=\"400\" class=\"wpcf7-form-control wpcf7-text wpcf7-validates-as-required\" aria-required=\"true\" aria-invalid=\"false\" value=\"\" type=\"text\" name=\"your-subject\" \/><\/span>\n<\/p>\n<p>Ihre Nachricht (Pflichtfeld)\n<\/p>\n<p><span class=\"wpcf7-form-control-wrap\" data-name=\"your-message\"><textarea cols=\"40\" rows=\"10\" maxlength=\"2000\" class=\"wpcf7-form-control wpcf7-textarea wpcf7-validates-as-required\" aria-required=\"true\" aria-invalid=\"false\" name=\"your-message\"><\/textarea><\/span>\n<\/p>\n<p><input class=\"wpcf7-form-control wpcf7-submit has-spinner\" type=\"submit\" value=\"Senden\" \/>\n<\/p>\n<\/form>\n<\/div>\n\n","protected":false},"excerpt":{"rendered":"<p>Alpines Sportzentrum M\u00fcrren AG H\u00f6hematte CH-3825 M\u00fcrren Telefon: +41 33 856 86 86 Fax: +41 33 856 86 96 E-Mail: info@sportzentrum-muerren.ch<\/p>","protected":false},"author":1,"featured_media":0,"parent":0,"menu_order":16,"comment_status":"closed","ping_status":"closed","template":"","meta":{"inspiro_hide_title":false,"footnotes":""},"class_list":["post-28311","page","type-page","status-publish","hentry"],"_links":{"self":[{"href":"http:\/\/www.sportzentrum-muerren.ch\/en\/wp-json\/wp\/v2\/pages\/28311","targetHints":{"allow":["GET"]}}],"collection":[{"href":"http:\/\/www.sportzentrum-muerren.ch\/en\/wp-json\/wp\/v2\/pages"}],"about":[{"href":"http:\/\/www.sportzentrum-muerren.ch\/en\/wp-json\/wp\/v2\/types\/page"}],"author":[{"embeddable":true,"href":"http:\/\/www.sportzentrum-muerren.ch\/en\/wp-json\/wp\/v2\/users\/1"}],"replies":[{"embeddable":true,"href":"http:\/\/www.sportzentrum-muerren.ch\/en\/wp-json\/wp\/v2\/comments?post=28311"}],"version-history":[{"count":0,"href":"http:\/\/www.sportzentrum-muerren.ch\/en\/wp-json\/wp\/v2\/pages\/28311\/revisions"}],"wp:attachment":[{"href":"http:\/\/www.sportzentrum-muerren.ch\/en\/wp-json\/wp\/v2\/media?parent=28311"}],"curies":[{"name":"wp","href":"https:\/\/api.w.org\/{rel}","templated":true}]}}