{"id":27,"date":"2013-03-20T16:46:54","date_gmt":"2013-03-20T15:46:54","guid":{"rendered":"http:\/\/sportzentrum-muerren.ch\/?page_id=27"},"modified":"2026-01-13T16:08:07","modified_gmt":"2026-01-13T15:08:07","slug":"kinderparadies","status":"publish","type":"page","link":"http:\/\/www.sportzentrum-muerren.ch\/en\/angebot\/kinderparadies\/","title":{"rendered":"Children's paradise"},"content":{"rendered":"<p>The children's paradise is open to our guests. However, there is no childcare available. You are welcome to use the playroom with your little ones and let the time fly by.<\/p>\n<p>Opening hours:     The opening hours of M\u00fcrren Tourism apply<\/p>\n\t\t\t\t<img decoding=\"async\" src=\"https:\/\/www.sportzentrum-muerren.ch\/wp-content\/uploads\/IMG_6075-scaled.jpg\" alt=\"IMG_6075\" itemprop=\"image\" height=\"1707\" width=\"2560\" title=\"IMG_6075\" onerror=\"this.style.display='none'\" loading=\"lazy\" \/>\n\t\t\t\t<img decoding=\"async\" src=\"https:\/\/www.sportzentrum-muerren.ch\/wp-content\/uploads\/Kinderparadies-Nov13-RF-55-scaled.jpg\" alt=\"????????????????????????????????????\" itemprop=\"image\" height=\"1840\" width=\"2560\" title=\"Kinderparadies Nov13 RF (55)\" onerror=\"this.style.display='none'\" loading=\"lazy\" \/>\n\t\t\t\t<img decoding=\"async\" src=\"https:\/\/www.sportzentrum-muerren.ch\/wp-content\/uploads\/Kinderparadies-Nov13-RF-28-scaled.jpg\" alt=\"????????????????????????????????????\" itemprop=\"image\" height=\"2052\" width=\"2560\" title=\"Kinderparadies Nov13 RF (28)\" onerror=\"this.style.display='none'\" loading=\"lazy\" \/>","protected":false},"excerpt":{"rendered":"<p>Das Kinderparadies steht f\u00fcr unsere G\u00e4ste offen. Es steht jedoch keine Betreuung zur Verf\u00fcgung. Gerne d\u00fcrfen Sie mit Ihren Kleinen das Spielezimmer brauchen und die Zeit verfliegen lassen. \u00d6ffnungszeiten:\u00a0 \u00a0 \u00a0Es gelten die \u00d6ffnungszeiten von M\u00fcrren Tourismus<\/p>","protected":false},"author":1,"featured_media":31534,"parent":185,"menu_order":14,"comment_status":"closed","ping_status":"closed","template":"","meta":{"inspiro_hide_title":false,"footnotes":""},"class_list":["post-27","page","type-page","status-publish","has-post-thumbnail","hentry"],"_links":{"self":[{"href":"http:\/\/www.sportzentrum-muerren.ch\/en\/wp-json\/wp\/v2\/pages\/27","targetHints":{"allow":["GET"]}}],"collection":[{"href":"http:\/\/www.sportzentrum-muerren.ch\/en\/wp-json\/wp\/v2\/pages"}],"about":[{"href":"http:\/\/www.sportzentrum-muerren.ch\/en\/wp-json\/wp\/v2\/types\/page"}],"author":[{"embeddable":true,"href":"http:\/\/www.sportzentrum-muerren.ch\/en\/wp-json\/wp\/v2\/users\/1"}],"replies":[{"embeddable":true,"href":"http:\/\/www.sportzentrum-muerren.ch\/en\/wp-json\/wp\/v2\/comments?post=27"}],"version-history":[{"count":11,"href":"http:\/\/www.sportzentrum-muerren.ch\/en\/wp-json\/wp\/v2\/pages\/27\/revisions"}],"predecessor-version":[{"id":34477,"href":"http:\/\/www.sportzentrum-muerren.ch\/en\/wp-json\/wp\/v2\/pages\/27\/revisions\/34477"}],"up":[{"embeddable":true,"href":"http:\/\/www.sportzentrum-muerren.ch\/en\/wp-json\/wp\/v2\/pages\/185"}],"wp:featuredmedia":[{"embeddable":true,"href":"http:\/\/www.sportzentrum-muerren.ch\/en\/wp-json\/wp\/v2\/media\/31534"}],"wp:attachment":[{"href":"http:\/\/www.sportzentrum-muerren.ch\/en\/wp-json\/wp\/v2\/media?parent=27"}],"curies":[{"name":"wp","href":"https:\/\/api.w.org\/{rel}","templated":true}]}}