{"id":25,"date":"2013-03-20T16:45:24","date_gmt":"2013-03-20T15:45:24","guid":{"rendered":"http:\/\/sportzentrum-muerren.ch\/?page_id=25"},"modified":"2026-01-13T16:02:50","modified_gmt":"2026-01-13T15:02:50","slug":"schwimmbad","status":"publish","type":"page","link":"http:\/\/www.sportzentrum-muerren.ch\/en\/angebot\/schwimmbad\/","title":{"rendered":"Indoor Pool"},"content":{"rendered":"<p><strong>Better by miles<\/strong><\/p>\n\t<p>The chlorine-free swimming pool in the Alpine Sports Center M\u00fcrren is suitable for both leisure swimming and ambitious sports swimming.<\/p>\n\t<p><strong>Swimming pool offer<\/strong><\/p>\n<ul>\n<li>Schwimmbecken mit den Massen 25\u00d711 m, 28\u00b0 C<\/li>\n<li>Whirlpool with a view of the mountains, 33\u00b0 C<\/li>\n<li>Outdoor whirlpool, 37\u00b0 C (subject to charge)<\/li>\n<li>Children's pool for our youngest guests<\/li>\n<\/ul>\n\t\t\t\t<img decoding=\"async\" src=\"https:\/\/www.sportzentrum-muerren.ch\/wp-content\/uploads\/Whirlpool-1.png\" alt=\"Whirlpool\" itemprop=\"image\"\/>\n\t\t\t\t<img decoding=\"async\" src=\"https:\/\/www.sportzentrum-muerren.ch\/wp-content\/uploads\/JRT8707-4.jpg\" alt=\"_JRT8707\" itemprop=\"image\"\/>\n\t\t\t\t<img decoding=\"async\" src=\"https:\/\/www.sportzentrum-muerren.ch\/wp-content\/uploads\/JRT8728-2.jpg\" alt=\"_JRT8728-2\" itemprop=\"image\"\/>","protected":false},"excerpt":{"rendered":"<p>Um L\u00e4ngen besser Das chlorfreie Schwimmbad im Alpinen Sportzentrum M\u00fcrren eignet sich sowohl f\u00fcr genussvolles Freizeitschwimmen als auch f\u00fcr ambitioniertes Sportschwimmen. Angebot Schwimmbad Schwimmbecken mit den Massen 25\u00d711 m, 28\u00b0 C Sprudelbecken mit Aussicht auf die Berge, 33\u00b0 C Aussenwhirlpool, 37\u00b0 C (kostenpflichtig) ein Kinderbecken f\u00fcr unsere kleinsten G\u00e4ste<\/p>","protected":false},"author":1,"featured_media":34461,"parent":185,"menu_order":6,"comment_status":"closed","ping_status":"closed","template":"","meta":{"inspiro_hide_title":false,"footnotes":""},"class_list":["post-25","page","type-page","status-publish","has-post-thumbnail","hentry"],"_links":{"self":[{"href":"http:\/\/www.sportzentrum-muerren.ch\/en\/wp-json\/wp\/v2\/pages\/25","targetHints":{"allow":["GET"]}}],"collection":[{"href":"http:\/\/www.sportzentrum-muerren.ch\/en\/wp-json\/wp\/v2\/pages"}],"about":[{"href":"http:\/\/www.sportzentrum-muerren.ch\/en\/wp-json\/wp\/v2\/types\/page"}],"author":[{"embeddable":true,"href":"http:\/\/www.sportzentrum-muerren.ch\/en\/wp-json\/wp\/v2\/users\/1"}],"replies":[{"embeddable":true,"href":"http:\/\/www.sportzentrum-muerren.ch\/en\/wp-json\/wp\/v2\/comments?post=25"}],"version-history":[{"count":11,"href":"http:\/\/www.sportzentrum-muerren.ch\/en\/wp-json\/wp\/v2\/pages\/25\/revisions"}],"predecessor-version":[{"id":34465,"href":"http:\/\/www.sportzentrum-muerren.ch\/en\/wp-json\/wp\/v2\/pages\/25\/revisions\/34465"}],"up":[{"embeddable":true,"href":"http:\/\/www.sportzentrum-muerren.ch\/en\/wp-json\/wp\/v2\/pages\/185"}],"wp:featuredmedia":[{"embeddable":true,"href":"http:\/\/www.sportzentrum-muerren.ch\/en\/wp-json\/wp\/v2\/media\/34461"}],"wp:attachment":[{"href":"http:\/\/www.sportzentrum-muerren.ch\/en\/wp-json\/wp\/v2\/media?parent=25"}],"curies":[{"name":"wp","href":"https:\/\/api.w.org\/{rel}","templated":true}]}}