{"id":188,"date":"2013-03-20T23:17:58","date_gmt":"2013-03-20T22:17:58","guid":{"rendered":"http:\/\/sportzentrum-muerren.ch\/?page_id=188"},"modified":"2026-04-17T10:24:34","modified_gmt":"2026-04-17T09:24:34","slug":"preise-2","status":"publish","type":"page","link":"http:\/\/www.sportzentrum-muerren.ch\/en\/preise-2\/","title":{"rendered":"Preise"},"content":{"rendered":"<p><strong>Information<\/strong><\/p>\n\t<p><strong>Guestcard<\/strong>: Ausw\u00e4rtige Grundbesitzer M\u00fcrren & Gimmelwald, \u00dcbernachtungsg\u00e4ste der \u00fcbrigen Jungfrau Region, Talbewohner & Saisonangestellte mit Talbewohnerausweis.<\/p>\n\t<strong>Goldencard<\/strong>: Ferieng\u00e4ste M\u00fcrren & Gimmelwald<br \/>\nDer Eintritt ins Alpine Spa beinhaltet ebenfalls den Zugang zum Schwimmbad & Aussenwhirlpool.\n\t<p><strong>Gutscheine<\/strong><\/p>\n\t<p>You can also order various vouchers for all areas from us and print them out at home.<\/p>\n<p>More Information <a href=\"https:\/\/shop.e-guma.ch\/sportzentrum-muerren\/de\/gutscheine\">here<\/a>.<\/p>\n\t<p><strong>Einzeleintritte<\/strong><\/p>\n\t<p><strong>Normal<\/strong><\/p>\n\t<p><strong>Guestcard<\/strong><\/p>\n\t<p><strong>Goldkarte<\/strong><\/p>\n\t<p><strong>Pool adults<\/strong><\/p>\n\t<p>CHF 15<\/p>\n\t<p>CHF 11<\/p>\n\t<p>Free<\/p>\n\t<p><strong>Hallenbad Kind 6 \u2013 16 J.<\/strong><\/p>\n\t<p>CHF 7<\/p>\n\t<p>CHF 6<\/p>\n\t<p>Free<\/p>\n\t<p><strong>Indoor Pool + Outside Whirlpool Adults<\/strong><\/p>\n\t<p>CHF 21<\/p>\n\t<p>CHF 17<\/p>\n\t<p>CHF 6<\/p>\n\t<p><strong>Hallenbad + Whirlpool Kind 12+ J.<\/strong><\/p>\n\t<p>CHF 13<\/p>\n\t<p>CHF 12<\/p>\n\t<p>CHF 6<\/p>\n\t<p><strong>Gym<\/strong><\/p>\n\t<p>CHF 22<\/p>\n\t<p>CHF 18<\/p>\n\t<p>CHF 18<\/p>\n\t<p><strong>Alpine Spa<\/strong><\/p>\n\t<p>CHF 36<\/p>\n\t<p>CHF 33<\/p>\n\t<p>CHF 33<\/p>\n\t<p><strong>Alpine Spa Late Entry<\/strong><\/p>\n\t<p>CHF 27<\/p>\n\t<p>CHF 24<\/p>\n\t<p>CHF 24<\/p>\n\t<p><strong>All in one<\/strong><\/p>\n\t<p>CHF 47<\/p>\n\t<p>CHF 44<\/p>\n\t<p>CHF 44<\/p>\n\t<p><strong>Ice rink adults<\/strong><\/p>\n\t<p>CHF 12<\/p>\n\t<p>CHF 10<\/p>\n\t<p>Free<\/p>\n\t<p><strong>Ice rink kids<\/strong><\/p>\n\t<p>CHF 7<\/p>\n\t<p>CHF 6<\/p>\n\t<p>Free<\/p>\n\t<p><strong>Subscription<\/strong><\/p>\n\t<p><strong>6 Months<\/strong><\/p>\n\t<p><strong>1 Year<\/strong><\/p>\n\t<p><strong>Gym<\/strong><\/p>\n\t<p>CHF 400<\/p>\n\t<p>CHF 700<\/p>\n\t<strong>Wellness<\/strong><br \/>\n(Alpine Spa, Indoor Pool, Outside Whirlpool)\n\t<p>CHF 500<\/p>\n\t<p>CHF 800<\/p>\n\t<strong>All in one<\/strong><br \/>\nGym, Alpine Spa,  Indoor Pool, Outside Whirlpool, Ice rink)\n\t<p>CHF 600<\/p>\n\t<p>CHF 1000<\/p>\n\t<p><strong>Mieten<\/strong><\/p>\n\t<p><strong>Normal<\/strong><\/p>\n\t<p><strong>Guestcard<\/strong><\/p>\n\t<p><strong>Goldkarte<\/strong><\/p>\n\t<strong>Curling Rinkmiete<br \/>\n(60 Min.)<\/strong>\n\t<p>CHF 80<\/p>\n\t<p>CHF 75<\/p>\n\t<p>Free<\/p>\n\t<p><b>Ice skates adults<\/b><\/p>\n\t<p>CHF 9<\/p>\n\t<p>CHF 9<\/p>\n\t<p>CHF 9<\/p>\n\t<p><b>Ice skates kids<\/b><\/p>\n\t<p>CHF 7<\/p>\n\t<p>CHF 7<\/p>\n\t<p>CHF 7<\/p>\n\t<p><b>Season Ice skates adults<\/b><\/p>\n\t<p>CHF 60<\/p>\n\t<p>CHF 60<\/p>\n\t<p>CHF 60<\/p>\n\t<p><b>Season ice skates kids<\/b><\/p>\n\t<p>CHF 40<\/p>\n\t<p>CHF 40<\/p>\n\t<p>CHF 40<\/p>\n\t<p><b>Pool towel<\/b><\/p>\n\t<p>CHF 3<\/p>\n\t<p>CHF 3<\/p>\n\t<p>CHF 3<\/p>\n\t<p><b>Bathrobe<\/b><\/p>\n\t<p>CHF 5<\/p>\n\t<p>CHF 5<\/p>\n\t<p>CHF 5<\/p>\n\t<p><b>Pumptrack: Skateboard, Laufrad, Scooter\u00a0<\/b><\/p>\n\t<p>CHF 8<\/p>\n\t<p>CHF 8<\/p>\n\t<p>CHF 8<\/p>\n\t<p><a href=\"https:\/\/www.sportzentrum-muerren.ch\/wp-content\/uploads\/Mietmaterial-ASZ.pdf\">More to rent<\/a><\/p>\n\t<p><strong>Sports hall<\/strong><\/p>\n\t<p><strong>Normal<\/strong><\/p>\n\t<p><b>1\/3 Halle (60min)<\/b><\/p>\n\t<p>CHF 44<\/p>\n\t<p><b>2\/3 Halle (60min)<\/b><\/p>\n\t<p>CHF 75<\/p>\n\t<p><b>3\/3 Halle (60min)<\/b><\/p>\n\t<p>CHF 99<\/p>\n\t<p><b>1\/3 Halle (1 Tag)<\/b><\/p>\n\t<p>CHF 242<\/p>\n\t<p><b>2\/3 Halle (1 Tag)<\/b><\/p>\n\t<p>CHF 440<\/p>\n\t<p><b>3\/3 Halle (1 Tag)<\/b><\/p>\n\t<p>CHF 550<\/p>","protected":false},"excerpt":{"rendered":"<p>Information G\u00e4stekarte: Ausw\u00e4rtige Grundbesitzer M\u00fcrren &#038; Gimmelwald, \u00dcbernachtungsg\u00e4ste der \u00fcbrigen Jungfrau Region, Talbewohner &#038; Saisonangestellte mit Talbewohnerausweis. Goldencard: Ferieng\u00e4ste M\u00fcrren &#038; Gimmelwald Der Eintritt ins Alpine Spa beinhaltet ebenfalls den Zugang zum Schwimmbad &#038; Aussenwhirlpool. Gutscheine Gerne k\u00f6nnen Sie bei uns auch verschiedene Gutscheine f\u00fcr alle Bereiche bestellen und gleich zu Hause ausdrucken. Mehr Infos &hellip; <\/p>\n<p class=\"link-more\"><a href=\"http:\/\/www.sportzentrum-muerren.ch\/en\/preise-2\/\" class=\"more-link\">Read more<span class=\"screen-reader-text\"> &#8222;Preise&#8220;<\/span><\/a><\/p>","protected":false},"author":1,"featured_media":34551,"parent":0,"menu_order":3,"comment_status":"closed","ping_status":"closed","template":"","meta":{"inspiro_hide_title":false,"footnotes":""},"class_list":["post-188","page","type-page","status-publish","has-post-thumbnail","hentry"],"_links":{"self":[{"href":"http:\/\/www.sportzentrum-muerren.ch\/en\/wp-json\/wp\/v2\/pages\/188","targetHints":{"allow":["GET"]}}],"collection":[{"href":"http:\/\/www.sportzentrum-muerren.ch\/en\/wp-json\/wp\/v2\/pages"}],"about":[{"href":"http:\/\/www.sportzentrum-muerren.ch\/en\/wp-json\/wp\/v2\/types\/page"}],"author":[{"embeddable":true,"href":"http:\/\/www.sportzentrum-muerren.ch\/en\/wp-json\/wp\/v2\/users\/1"}],"replies":[{"embeddable":true,"href":"http:\/\/www.sportzentrum-muerren.ch\/en\/wp-json\/wp\/v2\/comments?post=188"}],"version-history":[{"count":11,"href":"http:\/\/www.sportzentrum-muerren.ch\/en\/wp-json\/wp\/v2\/pages\/188\/revisions"}],"predecessor-version":[{"id":34462,"href":"http:\/\/www.sportzentrum-muerren.ch\/en\/wp-json\/wp\/v2\/pages\/188\/revisions\/34462"}],"wp:featuredmedia":[{"embeddable":true,"href":"http:\/\/www.sportzentrum-muerren.ch\/en\/wp-json\/wp\/v2\/media\/34551"}],"wp:attachment":[{"href":"http:\/\/www.sportzentrum-muerren.ch\/en\/wp-json\/wp\/v2\/media?parent=188"}],"curies":[{"name":"wp","href":"https:\/\/api.w.org\/{rel}","templated":true}]}}